{"id":1570,"date":"2024-03-26T11:35:52","date_gmt":"2024-03-26T11:35:52","guid":{"rendered":"https:\/\/galleriskart.is\/?post_type=product&#038;p=1570"},"modified":"2025-12-16T19:29:43","modified_gmt":"2025-12-16T19:29:43","slug":"aegishjalmur-med-runa-letri-halsmen","status":"publish","type":"product","link":"https:\/\/galleriskart.is\/pl\/product\/aegishjalmur-med-runa-letri-halsmen\/","title":{"rendered":"\u00c6gishj\u00e1lm z naszyjnikiem z literami runicznymi"},"content":{"rendered":"<p><span style=\"font-family: Helvetica, sans-serif;font-size: 18px;font-style: normal;font-weight: normal;letter-spacing: 0.6000000238418579px;text-align: left;text-indent: 0px;text-transform: none;text-decoration: none;float: none\">\u00c6gishj\u00e1lm jest symbolem obronnym przed z\u0142ymi duchami, wrogami oraz agresj\u0105 i gniewem w\u0142adc\u00f3w. Patyk nale\u017cy wyrze\u017abi\u0107 w o\u0142owianej p\u0142ycie, kt\u00f3r\u0105 nast\u0119pnie dociska si\u0119 do czo\u0142a mi\u0119dzy oczami he\u0142mu Aegis i wciska w sk\u00f3r\u0119. Czarownik musi poprzedza\u0107 tego, kt\u00f3ry pod\u0105\u017ca za magiczn\u0105 r\u00f3\u017cd\u017ck\u0105: \u201eZmywam moich wrog\u00f3w, rabunek i gniew bogatych\u201d. W ten spos\u00f3b zyskuje odwag\u0119 potrzebn\u0105 do przeciwstawienia si\u0119 temu, czego si\u0119 boi.<\/span><\/p>\n<p>Materia\u0142 stal nierdzewna hipoalergiczna<\/p>\n<p><span style=\"font-family: Roboto, sans-serif;font-size: 14px;font-style: normal;font-weight: 400;letter-spacing: normal;text-align: start;text-indent: 0px;text-transform: none;text-decoration: none;float: none\">Naszyjniki nie zawieraj\u0105 niklu&nbsp;<\/span><\/p>\n<p><span style=\"font-family: Roboto, sans-serif;font-size: 14px;font-style: normal;font-weight: 400;letter-spacing: normal;text-align: start;text-indent: 0px;text-transform: none;text-decoration: none;float: none\">I przyjd\u017a do ciebie <\/span>W<span style=\"font-family: Roboto, sans-serif;font-size: 14px;font-style: normal;font-weight: 400;letter-spacing: normal;text-align: start;text-indent: 0px;text-transform: none;text-decoration: none;float: none\"> pude\u0142ka na bi\u017cuteri\u0119 z recyklingu<\/span><\/p>\n<p>Klejnot Najlepiej zawsze taki sam<\/p>","protected":false},"excerpt":{"rendered":"<p>\u00c6gishj\u00e1lmur er varnarstafur gegn illum v\u00e6ttum, \u00f3vinum og yfirgangi og rei\u00f0i h\u00f6f\u00f0ingja. Stafurinn skal ristur \u00ed bl\u00fdpl\u00f6tu sem s\u00ed\u00f0an er \u00fer\u00fdst \u00e1 enni\u00f0 \u00e1 milli aegishjalmuraugnanna og \u00ferykktur \u00ed h\u00f6rundi\u00f0. Galdrama\u00f0urinn skal \u00feylja form\u00e1la \u00feann sem galdrastafnum fylgir: &#8222;Fj\u00f3n \u00fev\u00e6 \u00e9g af m\u00e9r fjanda minna, r\u00e1n og rei\u00f0i r\u00edkra manna&#8220;. Vi\u00f0 \u00fea\u00f0 \u00f6\u00f0last hann \u00fea\u00f0 [&hellip;]<\/p>\n","protected":false},"featured_media":1632,"template":"","meta":[],"product_brand":[],"product_cat":[54],"product_tag":[],"class_list":{"0":"post-1570","1":"product","2":"type-product","3":"status-publish","4":"has-post-thumbnail","6":"product_cat-vikinga-skart","8":"first","9":"instock","10":"taxable","11":"shipping-taxable","12":"purchasable","13":"product-type-simple"},"_links":{"self":[{"href":"https:\/\/galleriskart.is\/pl\/wp-json\/wp\/v2\/product\/1570","targetHints":{"allow":["GET"]}}],"collection":[{"href":"https:\/\/galleriskart.is\/pl\/wp-json\/wp\/v2\/product"}],"about":[{"href":"https:\/\/galleriskart.is\/pl\/wp-json\/wp\/v2\/types\/product"}],"wp:featuredmedia":[{"embeddable":true,"href":"https:\/\/galleriskart.is\/pl\/wp-json\/wp\/v2\/media\/1632"}],"wp:attachment":[{"href":"https:\/\/galleriskart.is\/pl\/wp-json\/wp\/v2\/media?parent=1570"}],"wp:term":[{"taxonomy":"product_brand","embeddable":true,"href":"https:\/\/galleriskart.is\/pl\/wp-json\/wp\/v2\/product_brand?post=1570"},{"taxonomy":"product_cat","embeddable":true,"href":"https:\/\/galleriskart.is\/pl\/wp-json\/wp\/v2\/product_cat?post=1570"},{"taxonomy":"product_tag","embeddable":true,"href":"https:\/\/galleriskart.is\/pl\/wp-json\/wp\/v2\/product_tag?post=1570"}],"curies":[{"name":"wp","href":"https:\/\/api.w.org\/{rel}","templated":true}]}}