{"id":1447,"date":"2024-03-26T11:30:49","date_gmt":"2024-03-26T11:30:49","guid":{"rendered":"https:\/\/galleriskart.is\/?post_type=product&#038;p=1447"},"modified":"2025-01-07T16:22:10","modified_gmt":"2025-01-07T16:22:10","slug":"raudur-og-graenn-zoiste-halsmen-og-eyrnalokkar","status":"publish","type":"product","link":"https:\/\/galleriskart.is\/pl\/product\/raudur-og-graenn-zoiste-halsmen-og-eyrnalokkar\/","title":{"rendered":"Naszyjnik i kolczyki z czerwonego i zielonego zoiste"},"content":{"rendered":"<p><span>Rubin i Zoisite<\/span><br \/>\n<span>Przemienia negatywn\u0105 energi\u0119 w pozytywn\u0105. Pobudza i zmniejsza lenistwo, dodaje energii! Pomaga podj\u0105\u0107 niezb\u0119dne kroki, aby osi\u0105gn\u0105\u0107 swoje cele. Wsp\u00f3\u0142pracuje ze stacj\u0105 wirow\u0105.<\/span><\/p>\n<p>Srebro<\/p>","protected":false},"excerpt":{"rendered":"<p>Rubin i zoisyt. Przekszta\u0142caj\u0105 negatywn\u0105 energi\u0119 w pozytywn\u0105. Stawiaj\u0105 na nogi i redukuj\u0105 lenistwo, pobudzaj\u0105 do dzia\u0142ania! Pomagaj\u0105 pod\u0105\u017ca\u0107 \u015bcie\u017ck\u0105 do osi\u0105gni\u0119cia cel\u00f3w. Dzia\u0142aj\u0105 na centrum wirowe. Srebro.<\/p>","protected":false},"featured_media":1506,"template":"","meta":[],"product_brand":[],"product_cat":[57,47],"product_tag":[],"class_list":{"0":"post-1447","1":"product","2":"type-product","3":"status-publish","4":"has-post-thumbnail","6":"product_cat-draumafangarar","7":"product_cat-skartgripir","9":"first","10":"instock","11":"taxable","12":"shipping-taxable","13":"purchasable","14":"product-type-simple"},"_links":{"self":[{"href":"https:\/\/galleriskart.is\/pl\/wp-json\/wp\/v2\/product\/1447","targetHints":{"allow":["GET"]}}],"collection":[{"href":"https:\/\/galleriskart.is\/pl\/wp-json\/wp\/v2\/product"}],"about":[{"href":"https:\/\/galleriskart.is\/pl\/wp-json\/wp\/v2\/types\/product"}],"wp:featuredmedia":[{"embeddable":true,"href":"https:\/\/galleriskart.is\/pl\/wp-json\/wp\/v2\/media\/1506"}],"wp:attachment":[{"href":"https:\/\/galleriskart.is\/pl\/wp-json\/wp\/v2\/media?parent=1447"}],"wp:term":[{"taxonomy":"product_brand","embeddable":true,"href":"https:\/\/galleriskart.is\/pl\/wp-json\/wp\/v2\/product_brand?post=1447"},{"taxonomy":"product_cat","embeddable":true,"href":"https:\/\/galleriskart.is\/pl\/wp-json\/wp\/v2\/product_cat?post=1447"},{"taxonomy":"product_tag","embeddable":true,"href":"https:\/\/galleriskart.is\/pl\/wp-json\/wp\/v2\/product_tag?post=1447"}],"curies":[{"name":"wp","href":"https:\/\/api.w.org\/{rel}","templated":true}]}}