{"id":1436,"date":"2024-03-26T11:30:25","date_gmt":"2024-03-26T11:30:25","guid":{"rendered":"https:\/\/galleriskart.is\/?post_type=product&#038;p=1436"},"modified":"2025-01-07T16:42:25","modified_gmt":"2025-01-07T16:42:25","slug":"vn-169-rosakvars-halsmen","status":"publish","type":"product","link":"https:\/\/galleriskart.is\/pl\/product\/vn-169-rosakvars-halsmen\/","title":{"rendered":"Vn 169. Naszyjnik z kwarcu r\u00f3\u017cowego"},"content":{"rendered":"<p>Srebrny \u0142a\u0144cuch<\/p>\n<p><span style=\"font-family\">Kwarc r\u00f3\u017cowy jest kamieniem mi\u0142o\u015bci, wzmacnia komunikacj\u0119, bezwarunkow\u0105 mi\u0142o\u015b\u0107 i ochron\u0119. Uspokaja i rozgrzewa czakr\u0119 serca oraz pomaga nam wybacza\u0107, tolerowa\u0107 i pozwala\u0107 na wi\u0119cej mi\u0142o\u015bci i uczucia w naszym \u017cyciu.<\/span><\/p>","protected":false},"excerpt":{"rendered":"<p>Srebrny \u0142a\u0144cuszek z kwarcu r\u00f3\u017cowego to kamie\u0144 mi\u0142o\u015bci, wzmacnia komunikacj\u0119, bezwarunkow\u0105 mi\u0142o\u015b\u0107 i ochron\u0119. Uspokaja i rozgrzewa czakr\u0119 serca oraz pomaga nam wybacza\u0107, tolerowa\u0107 i pozwala\u0107 na wi\u0119cej mi\u0142o\u015bci i uczucia w naszym \u017cyciu.<\/p>","protected":false},"featured_media":1495,"template":"","meta":[],"product_brand":[],"product_cat":[57,47],"product_tag":[],"class_list":{"0":"post-1436","1":"product","2":"type-product","3":"status-publish","4":"has-post-thumbnail","6":"product_cat-draumafangarar","7":"product_cat-skartgripir","9":"first","10":"instock","11":"taxable","12":"shipping-taxable","13":"purchasable","14":"product-type-simple"},"_links":{"self":[{"href":"https:\/\/galleriskart.is\/pl\/wp-json\/wp\/v2\/product\/1436","targetHints":{"allow":["GET"]}}],"collection":[{"href":"https:\/\/galleriskart.is\/pl\/wp-json\/wp\/v2\/product"}],"about":[{"href":"https:\/\/galleriskart.is\/pl\/wp-json\/wp\/v2\/types\/product"}],"wp:featuredmedia":[{"embeddable":true,"href":"https:\/\/galleriskart.is\/pl\/wp-json\/wp\/v2\/media\/1495"}],"wp:attachment":[{"href":"https:\/\/galleriskart.is\/pl\/wp-json\/wp\/v2\/media?parent=1436"}],"wp:term":[{"taxonomy":"product_brand","embeddable":true,"href":"https:\/\/galleriskart.is\/pl\/wp-json\/wp\/v2\/product_brand?post=1436"},{"taxonomy":"product_cat","embeddable":true,"href":"https:\/\/galleriskart.is\/pl\/wp-json\/wp\/v2\/product_cat?post=1436"},{"taxonomy":"product_tag","embeddable":true,"href":"https:\/\/galleriskart.is\/pl\/wp-json\/wp\/v2\/product_tag?post=1436"}],"curies":[{"name":"wp","href":"https:\/\/api.w.org\/{rel}","templated":true}]}}