{"id":1429,"date":"2024-03-26T11:30:02","date_gmt":"2024-03-26T11:30:02","guid":{"rendered":"https:\/\/galleriskart.is\/?post_type=product&#038;p=1429"},"modified":"2025-01-07T16:43:02","modified_gmt":"2025-01-07T16:43:02","slug":"vn-173-rosakvars-halsmen-med-eyrnalokkum","status":"publish","type":"product","link":"https:\/\/galleriskart.is\/pl\/product\/vn-173-rosakvars-halsmen-med-eyrnalokkum\/","title":{"rendered":"Vn 173. Naszyjnik z kwarcu r\u00f3\u017cowego i kolczykami"},"content":{"rendered":"<p>Materia\u0142 stal medyczna i srebro<\/p>","protected":false},"excerpt":{"rendered":"<p>Materia\u0142 stal medyczna i srebro<\/p>","protected":false},"featured_media":1488,"template":"","meta":[],"product_brand":[],"product_cat":[57,47],"product_tag":[],"class_list":{"0":"post-1429","1":"product","2":"type-product","3":"status-publish","4":"has-post-thumbnail","6":"product_cat-draumafangarar","7":"product_cat-skartgripir","9":"first","10":"instock","11":"taxable","12":"shipping-taxable","13":"purchasable","14":"product-type-simple"},"_links":{"self":[{"href":"https:\/\/galleriskart.is\/pl\/wp-json\/wp\/v2\/product\/1429","targetHints":{"allow":["GET"]}}],"collection":[{"href":"https:\/\/galleriskart.is\/pl\/wp-json\/wp\/v2\/product"}],"about":[{"href":"https:\/\/galleriskart.is\/pl\/wp-json\/wp\/v2\/types\/product"}],"wp:featuredmedia":[{"embeddable":true,"href":"https:\/\/galleriskart.is\/pl\/wp-json\/wp\/v2\/media\/1488"}],"wp:attachment":[{"href":"https:\/\/galleriskart.is\/pl\/wp-json\/wp\/v2\/media?parent=1429"}],"wp:term":[{"taxonomy":"product_brand","embeddable":true,"href":"https:\/\/galleriskart.is\/pl\/wp-json\/wp\/v2\/product_brand?post=1429"},{"taxonomy":"product_cat","embeddable":true,"href":"https:\/\/galleriskart.is\/pl\/wp-json\/wp\/v2\/product_cat?post=1429"},{"taxonomy":"product_tag","embeddable":true,"href":"https:\/\/galleriskart.is\/pl\/wp-json\/wp\/v2\/product_tag?post=1429"}],"curies":[{"name":"wp","href":"https:\/\/api.w.org\/{rel}","templated":true}]}}