{"id":1428,"date":"2024-03-26T11:30:02","date_gmt":"2024-03-26T11:30:02","guid":{"rendered":"https:\/\/galleriskart.is\/?post_type=product&#038;p=1428"},"modified":"2025-01-07T16:42:38","modified_gmt":"2025-01-07T16:42:38","slug":"vn-171-rosakvars-halsmen","status":"publish","type":"product","link":"https:\/\/galleriskart.is\/pl\/product\/vn-171-rosakvars-halsmen\/","title":{"rendered":"Vn 171. Naszyjnik z kwarcu r\u00f3\u017cowego"},"content":{"rendered":"<p>\u0141a\u0144cuszek 70 cm<\/p>\n<p>Materia\u0142 stal medyczna i srebro<\/p>\n<p><span style=\"font-family\">Kwarc r\u00f3\u017cowy jest kamieniem mi\u0142o\u015bci, wzmacnia komunikacj\u0119, bezwarunkow\u0105 mi\u0142o\u015b\u0107 i ochron\u0119. Uspokaja i rozgrzewa czakr\u0119 serca oraz pomaga nam wybacza\u0107, tolerowa\u0107 i pozwala\u0107 na wi\u0119cej mi\u0142o\u015bci i uczucia w naszym \u017cyciu.<\/span><\/p>","protected":false},"excerpt":{"rendered":"<p>\u0141a\u0144cuszek 70 cm Materia\u0142 stal medyczna i srebro Kwarc r\u00f3\u017cowy to kamie\u0144 mi\u0142o\u015bci, wzmacnia komunikacj\u0119, bezwarunkow\u0105 mi\u0142o\u015b\u0107 i ochron\u0119. Uspokaja i rozgrzewa czakr\u0119 serca oraz pomaga nam wybacza\u0107, tolerowa\u0107 i pozwala\u0107 na wi\u0119cej mi\u0142o\u015bci i uczucia w naszym \u017cyciu.<\/p>","protected":false},"featured_media":1487,"template":"","meta":[],"product_brand":[],"product_cat":[57,47],"product_tag":[],"class_list":{"0":"post-1428","1":"product","2":"type-product","3":"status-publish","4":"has-post-thumbnail","6":"product_cat-draumafangarar","7":"product_cat-skartgripir","9":"first","10":"instock","11":"taxable","12":"shipping-taxable","13":"purchasable","14":"product-type-simple"},"_links":{"self":[{"href":"https:\/\/galleriskart.is\/pl\/wp-json\/wp\/v2\/product\/1428","targetHints":{"allow":["GET"]}}],"collection":[{"href":"https:\/\/galleriskart.is\/pl\/wp-json\/wp\/v2\/product"}],"about":[{"href":"https:\/\/galleriskart.is\/pl\/wp-json\/wp\/v2\/types\/product"}],"wp:featuredmedia":[{"embeddable":true,"href":"https:\/\/galleriskart.is\/pl\/wp-json\/wp\/v2\/media\/1487"}],"wp:attachment":[{"href":"https:\/\/galleriskart.is\/pl\/wp-json\/wp\/v2\/media?parent=1428"}],"wp:term":[{"taxonomy":"product_brand","embeddable":true,"href":"https:\/\/galleriskart.is\/pl\/wp-json\/wp\/v2\/product_brand?post=1428"},{"taxonomy":"product_cat","embeddable":true,"href":"https:\/\/galleriskart.is\/pl\/wp-json\/wp\/v2\/product_cat?post=1428"},{"taxonomy":"product_tag","embeddable":true,"href":"https:\/\/galleriskart.is\/pl\/wp-json\/wp\/v2\/product_tag?post=1428"}],"curies":[{"name":"wp","href":"https:\/\/api.w.org\/{rel}","templated":true}]}}