{"id":1287,"date":"2024-03-26T11:24:25","date_gmt":"2024-03-26T11:24:25","guid":{"rendered":"https:\/\/galleriskart.is\/?post_type=product&#038;p=1287"},"modified":"2025-01-07T15:56:12","modified_gmt":"2025-01-07T15:56:12","slug":"fjogra-blada-smari-halsmen","status":"publish","type":"product","link":"https:\/\/galleriskart.is\/pl\/product\/fjogra-blada-smari-halsmen\/","title":{"rendered":"Naszyjnik z czterolistn\u0105 koniczyn\u0105"},"content":{"rendered":"<p>Materia\u0142 stal nierdzewna hipoalergiczna<\/p>\n<p><span style=\"font-family: Roboto, sans-serif;font-size: 14px;font-style: normal;font-weight: 400;letter-spacing: normal;text-align: start;text-indent: 0px;text-transform: none;text-decoration: none;float: none\">Naszyjniki nie zawieraj\u0105 niklu&nbsp;<\/span><\/p>\n<p><span style=\"font-family: Roboto, sans-serif;font-size: 14px;font-style: normal;font-weight: 400;letter-spacing: normal;text-align: start;text-indent: 0px;text-transform: none;text-decoration: none;float: none\">I przyjd\u017a do ciebie <\/span>W<span style=\"font-family: Roboto, sans-serif;font-size: 14px;font-style: normal;font-weight: 400;letter-spacing: normal;text-align: start;text-indent: 0px;text-transform: none;text-decoration: none;float: none\"> pude\u0142ka na bi\u017cuteri\u0119 z recyklingu<\/span><\/p>\n<p>Klejnot Najlepiej zawsze taki sam<\/p>","protected":false},"excerpt":{"rendered":"<p>Materia\u0142 stal nierdzewna hipoalergiczna Naszyjniki nie zawieraj\u0105 niklu I przychodz\u0105 do Ciebie w pude\u0142kach na bi\u017cuteri\u0119 z recyklingu Bi\u017cuteria Najlepiej zawsze taka sama<\/p>","protected":false},"featured_media":1342,"template":"","meta":[],"product_brand":[],"product_cat":[47,51],"product_tag":[],"class_list":{"0":"post-1287","1":"product","2":"type-product","3":"status-publish","4":"has-post-thumbnail","6":"product_cat-skartgripir","7":"product_cat-stal-halsmen","9":"first","10":"instock","11":"taxable","12":"shipping-taxable","13":"purchasable","14":"product-type-simple"},"_links":{"self":[{"href":"https:\/\/galleriskart.is\/pl\/wp-json\/wp\/v2\/product\/1287","targetHints":{"allow":["GET"]}}],"collection":[{"href":"https:\/\/galleriskart.is\/pl\/wp-json\/wp\/v2\/product"}],"about":[{"href":"https:\/\/galleriskart.is\/pl\/wp-json\/wp\/v2\/types\/product"}],"wp:featuredmedia":[{"embeddable":true,"href":"https:\/\/galleriskart.is\/pl\/wp-json\/wp\/v2\/media\/1342"}],"wp:attachment":[{"href":"https:\/\/galleriskart.is\/pl\/wp-json\/wp\/v2\/media?parent=1287"}],"wp:term":[{"taxonomy":"product_brand","embeddable":true,"href":"https:\/\/galleriskart.is\/pl\/wp-json\/wp\/v2\/product_brand?post=1287"},{"taxonomy":"product_cat","embeddable":true,"href":"https:\/\/galleriskart.is\/pl\/wp-json\/wp\/v2\/product_cat?post=1287"},{"taxonomy":"product_tag","embeddable":true,"href":"https:\/\/galleriskart.is\/pl\/wp-json\/wp\/v2\/product_tag?post=1287"}],"curies":[{"name":"wp","href":"https:\/\/api.w.org\/{rel}","templated":true}]}}