{"id":1241,"date":"2024-03-26T11:20:54","date_gmt":"2024-03-26T11:20:54","guid":{"rendered":"https:\/\/galleriskart.is\/?post_type=product&#038;p=1241"},"modified":"2024-06-13T16:18:54","modified_gmt":"2024-06-13T16:18:54","slug":"vn-149-eyrnalokkar-med-lillablau-hraun-perlu","status":"publish","type":"product","link":"https:\/\/galleriskart.is\/pl\/product\/vn-149-eyrnalokkar-med-lillablau-hraun-perlu\/","title":{"rendered":"Vn 149. Kolczyki z fioletow\u0105 per\u0142\u0105 lawow\u0105"},"content":{"rendered":"<p>Zaprojektowane przez Binn\u0119<\/p>","protected":false},"excerpt":{"rendered":"<p>Zaprojektowane przez Binn\u0119<\/p>","protected":false},"featured_media":1295,"template":"","meta":[],"product_brand":[],"product_cat":[47],"product_tag":[],"class_list":{"0":"post-1241","1":"product","2":"type-product","3":"status-publish","4":"has-post-thumbnail","6":"product_cat-skartgripir","8":"first","9":"instock","10":"taxable","11":"shipping-taxable","12":"purchasable","13":"product-type-simple"},"_links":{"self":[{"href":"https:\/\/galleriskart.is\/pl\/wp-json\/wp\/v2\/product\/1241","targetHints":{"allow":["GET"]}}],"collection":[{"href":"https:\/\/galleriskart.is\/pl\/wp-json\/wp\/v2\/product"}],"about":[{"href":"https:\/\/galleriskart.is\/pl\/wp-json\/wp\/v2\/types\/product"}],"wp:featuredmedia":[{"embeddable":true,"href":"https:\/\/galleriskart.is\/pl\/wp-json\/wp\/v2\/media\/1295"}],"wp:attachment":[{"href":"https:\/\/galleriskart.is\/pl\/wp-json\/wp\/v2\/media?parent=1241"}],"wp:term":[{"taxonomy":"product_brand","embeddable":true,"href":"https:\/\/galleriskart.is\/pl\/wp-json\/wp\/v2\/product_brand?post=1241"},{"taxonomy":"product_cat","embeddable":true,"href":"https:\/\/galleriskart.is\/pl\/wp-json\/wp\/v2\/product_cat?post=1241"},{"taxonomy":"product_tag","embeddable":true,"href":"https:\/\/galleriskart.is\/pl\/wp-json\/wp\/v2\/product_tag?post=1241"}],"curies":[{"name":"wp","href":"https:\/\/api.w.org\/{rel}","templated":true}]}}