{"id":1216,"date":"2024-03-26T11:19:43","date_gmt":"2024-03-26T11:19:43","guid":{"rendered":"https:\/\/galleriskart.is\/?post_type=product&#038;p=1216"},"modified":"2024-03-26T11:23:54","modified_gmt":"2024-03-26T11:23:54","slug":"vn-152-fallegt-halsmen-med-turkis-perlu","status":"publish","type":"product","link":"https:\/\/galleriskart.is\/pl\/product\/vn-152-fallegt-halsmen-med-turkis-perlu\/","title":{"rendered":"Vn 152. Pi\u0119kny naszyjnik z turkusow\u0105 per\u0142\u0105"},"content":{"rendered":"<p>Zaprojektowane przez Binn\u0119<\/p>\n<p><span>Nadaje si\u0119 do dawania, uwa\u017ca si\u0119, \u017ce przynosi obdarowanemu bogactwo i szcz\u0119\u015bcie. \u015awietny kamie\u0144 komunikacyjny, otwiera komunikacj\u0119 i wzmacnia wi\u0119zi. Wzmacnia, chroni i koi cia\u0142o i dusz\u0119.<\/span><\/p>","protected":false},"excerpt":{"rendered":"<p>Zaprojektowany przez Binn\u0119. Dobry do dawania, wierzy si\u0119, \u017ce przynosi bogactwo i szcz\u0119\u015bcie obdarowanemu. Doskona\u0142y kamie\u0144 komunikacyjny, otwiera komunikacj\u0119 i wzmacnia wi\u0119zi. Wzmacnia, chroni i koi cia\u0142o i dusz\u0119.<\/p>","protected":false},"featured_media":1275,"template":"","meta":[],"product_brand":[],"product_cat":[47],"product_tag":[],"class_list":{"0":"post-1216","1":"product","2":"type-product","3":"status-publish","4":"has-post-thumbnail","6":"product_cat-skartgripir","8":"first","9":"instock","10":"taxable","11":"shipping-taxable","12":"purchasable","13":"product-type-simple"},"_links":{"self":[{"href":"https:\/\/galleriskart.is\/pl\/wp-json\/wp\/v2\/product\/1216","targetHints":{"allow":["GET"]}}],"collection":[{"href":"https:\/\/galleriskart.is\/pl\/wp-json\/wp\/v2\/product"}],"about":[{"href":"https:\/\/galleriskart.is\/pl\/wp-json\/wp\/v2\/types\/product"}],"wp:featuredmedia":[{"embeddable":true,"href":"https:\/\/galleriskart.is\/pl\/wp-json\/wp\/v2\/media\/1275"}],"wp:attachment":[{"href":"https:\/\/galleriskart.is\/pl\/wp-json\/wp\/v2\/media?parent=1216"}],"wp:term":[{"taxonomy":"product_brand","embeddable":true,"href":"https:\/\/galleriskart.is\/pl\/wp-json\/wp\/v2\/product_brand?post=1216"},{"taxonomy":"product_cat","embeddable":true,"href":"https:\/\/galleriskart.is\/pl\/wp-json\/wp\/v2\/product_cat?post=1216"},{"taxonomy":"product_tag","embeddable":true,"href":"https:\/\/galleriskart.is\/pl\/wp-json\/wp\/v2\/product_tag?post=1216"}],"curies":[{"name":"wp","href":"https:\/\/api.w.org\/{rel}","templated":true}]}}