{"id":1156,"date":"2024-03-26T11:17:16","date_gmt":"2024-03-26T11:17:16","guid":{"rendered":"https:\/\/galleriskart.is\/?post_type=product&#038;p=1156"},"modified":"2024-03-26T11:19:34","modified_gmt":"2024-03-26T11:19:34","slug":"kristall-aventurin","status":"publish","type":"product","link":"https:\/\/galleriskart.is\/pl\/product\/kristall-aventurin\/","title":{"rendered":"Kryszta\u0142owy awenturyn"},"content":{"rendered":"<p>D\u0142ugo\u015b\u0107 5,5cm<\/p>\n<p><span>Zielony awenturyn pochodzi z Indii i kojarzy si\u0119 ze szcz\u0119\u015bciem i dobrobytem. Jest idealny przy ustalaniu intencji dotycz\u0105cych dobrobytu i obfito\u015bci i dobrze wsp\u00f3\u0142pracuje mi\u0119dzy innymi z Cytrynem i Pirytem.&nbsp;<\/span><\/p>","protected":false},"excerpt":{"rendered":"<p>Zielony awenturyn o d\u0142ugo\u015bci 5,5 cm pochodzi z Indii i kojarzony jest ze szcz\u0119\u015bciem i dobrobytem. Idealnie sprawdza si\u0119 przy wyznaczaniu intencji dobrobytu i obfito\u015bci, a tak\u017ce dobrze komponuje si\u0119 mi\u0119dzy innymi z cytrynem i pirytem.&nbsp;<\/p>","protected":false},"featured_media":1211,"template":"","meta":[],"product_brand":[],"product_cat":[57],"product_tag":[],"class_list":{"0":"post-1156","1":"product","2":"type-product","3":"status-publish","4":"has-post-thumbnail","6":"product_cat-draumafangarar","8":"first","9":"outofstock","10":"taxable","11":"shipping-taxable","12":"purchasable","13":"product-type-simple"},"_links":{"self":[{"href":"https:\/\/galleriskart.is\/pl\/wp-json\/wp\/v2\/product\/1156","targetHints":{"allow":["GET"]}}],"collection":[{"href":"https:\/\/galleriskart.is\/pl\/wp-json\/wp\/v2\/product"}],"about":[{"href":"https:\/\/galleriskart.is\/pl\/wp-json\/wp\/v2\/types\/product"}],"wp:featuredmedia":[{"embeddable":true,"href":"https:\/\/galleriskart.is\/pl\/wp-json\/wp\/v2\/media\/1211"}],"wp:attachment":[{"href":"https:\/\/galleriskart.is\/pl\/wp-json\/wp\/v2\/media?parent=1156"}],"wp:term":[{"taxonomy":"product_brand","embeddable":true,"href":"https:\/\/galleriskart.is\/pl\/wp-json\/wp\/v2\/product_brand?post=1156"},{"taxonomy":"product_cat","embeddable":true,"href":"https:\/\/galleriskart.is\/pl\/wp-json\/wp\/v2\/product_cat?post=1156"},{"taxonomy":"product_tag","embeddable":true,"href":"https:\/\/galleriskart.is\/pl\/wp-json\/wp\/v2\/product_tag?post=1156"}],"curies":[{"name":"wp","href":"https:\/\/api.w.org\/{rel}","templated":true}]}}