{"id":1155,"date":"2024-03-26T11:17:16","date_gmt":"2024-03-26T11:17:16","guid":{"rendered":"https:\/\/galleriskart.is\/?post_type=product&#038;p=1155"},"modified":"2024-03-26T11:19:29","modified_gmt":"2024-03-26T11:19:29","slug":"kristall-tigrisauga","status":"publish","type":"product","link":"https:\/\/galleriskart.is\/pl\/product\/kristall-tigrisauga\/","title":{"rendered":"Kryszta\u0142owe Tygrysie Oko"},"content":{"rendered":"<p>D\u0142ugo\u015b\u0107 5,5cm<\/p>\n<p><span>Wzmacnia nasz\u0105 wiar\u0119, skupia nasz umys\u0142, zapewnia ochron\u0119, uziemienie i osobist\u0105 moc. Pomaga podejmowa\u0107 trudne decyzje, zwi\u0119ksza otwarto\u015b\u0107 umys\u0142u. Wyostrza koncentracj\u0119, zwi\u0119ksza wytrzyma\u0142o\u015b\u0107 i pomaga osobom maj\u0105cym trudno\u015bci z koncentracj\u0105.<\/span><\/p>","protected":false},"excerpt":{"rendered":"<p>D\u0142ugo\u015b\u0107 5,5 cm. Wzmacnia nasz\u0105 wiar\u0119, skupia umys\u0142, zapewnia ochron\u0119, uziemienie i osobist\u0105 si\u0142\u0119. Pomaga w podejmowaniu trudnych decyzji, poszerza perspektyw\u0119. Wyostrza koncentracj\u0119, zwi\u0119ksza wytrzyma\u0142o\u015b\u0107 i podobno pomaga osobom maj\u0105cym trudno\u015bci z koncentracj\u0105.<\/p>","protected":false},"featured_media":1210,"template":"","meta":[],"product_brand":[],"product_cat":[57],"product_tag":[],"class_list":{"0":"post-1155","1":"product","2":"type-product","3":"status-publish","4":"has-post-thumbnail","6":"product_cat-draumafangarar","8":"first","9":"instock","10":"taxable","11":"shipping-taxable","12":"purchasable","13":"product-type-simple"},"_links":{"self":[{"href":"https:\/\/galleriskart.is\/pl\/wp-json\/wp\/v2\/product\/1155","targetHints":{"allow":["GET"]}}],"collection":[{"href":"https:\/\/galleriskart.is\/pl\/wp-json\/wp\/v2\/product"}],"about":[{"href":"https:\/\/galleriskart.is\/pl\/wp-json\/wp\/v2\/types\/product"}],"wp:featuredmedia":[{"embeddable":true,"href":"https:\/\/galleriskart.is\/pl\/wp-json\/wp\/v2\/media\/1210"}],"wp:attachment":[{"href":"https:\/\/galleriskart.is\/pl\/wp-json\/wp\/v2\/media?parent=1155"}],"wp:term":[{"taxonomy":"product_brand","embeddable":true,"href":"https:\/\/galleriskart.is\/pl\/wp-json\/wp\/v2\/product_brand?post=1155"},{"taxonomy":"product_cat","embeddable":true,"href":"https:\/\/galleriskart.is\/pl\/wp-json\/wp\/v2\/product_cat?post=1155"},{"taxonomy":"product_tag","embeddable":true,"href":"https:\/\/galleriskart.is\/pl\/wp-json\/wp\/v2\/product_tag?post=1155"}],"curies":[{"name":"wp","href":"https:\/\/api.w.org\/{rel}","templated":true}]}}