{"id":1154,"date":"2024-03-26T11:17:16","date_gmt":"2024-03-26T11:17:16","guid":{"rendered":"https:\/\/galleriskart.is\/?post_type=product&#038;p=1154"},"modified":"2024-03-26T11:19:25","modified_gmt":"2024-03-26T11:19:25","slug":"kristall-citrin","status":"publish","type":"product","link":"https:\/\/galleriskart.is\/pl\/product\/kristall-citrin\/","title":{"rendered":"Kryszta\u0142owy cytryn"},"content":{"rendered":"<p><span>Cytryn<\/span><br \/>\n<span>Dobrobyt, ochrona, sukces, zwi\u0119ksza blask, wzmacnia i chroni emocje. Pomaga przy obrz\u0119kach i uwalnianiu toksyn. Dzia\u0142a na p\u0119cherzyk \u017c\u00f3\u0142ciowy, serce, w\u0105trob\u0119, tkank\u0119 mi\u0119\u015bniow\u0105\/struktur\u0119 pierwotn\u0105, p\u0119cherz\/prostat\u0119, trawienie, nerki\/nadnercza i okr\u0119\u017cnic\u0119. Zwi\u0119ksza energi\u0119. Jest jednym z 3, kt\u00f3re s\u0105 samoczyszcz\u0105ce.<\/span><br \/>\n<span>Splot s\u0142oneczny.<\/span><\/p>\n<p>D\u0142ugo\u015b\u0107 5,5cm<\/p>","protected":false},"excerpt":{"rendered":"<p>Cytryn: Dobrobyt, ochrona, sukces, dodaje blasku, wzmacnia i chroni emocje. Pomaga w obrz\u0119kach i usuwaniu toksyn. Dzia\u0142a korzystnie na p\u0119cherzyk \u017c\u00f3\u0142ciowy, serce, w\u0105trob\u0119, tkank\u0119 mi\u0119\u015bniow\u0105\/struktury pierwotne, p\u0119cherz moczowy\/prostat\u0119, uk\u0142ad trawienny, nerki\/nadnercza i jelito grube. Dodaje energii. Jest jednym z trzech kamieni samooczyszczaj\u0105cych. Splot s\u0142oneczny. D\u0142ugo\u015b\u0107 5,5 cm.<\/p>","protected":false},"featured_media":1209,"template":"","meta":[],"product_brand":[],"product_cat":[57],"product_tag":[],"class_list":{"0":"post-1154","1":"product","2":"type-product","3":"status-publish","4":"has-post-thumbnail","6":"product_cat-draumafangarar","8":"first","9":"instock","10":"taxable","11":"shipping-taxable","12":"purchasable","13":"product-type-simple"},"_links":{"self":[{"href":"https:\/\/galleriskart.is\/pl\/wp-json\/wp\/v2\/product\/1154","targetHints":{"allow":["GET"]}}],"collection":[{"href":"https:\/\/galleriskart.is\/pl\/wp-json\/wp\/v2\/product"}],"about":[{"href":"https:\/\/galleriskart.is\/pl\/wp-json\/wp\/v2\/types\/product"}],"wp:featuredmedia":[{"embeddable":true,"href":"https:\/\/galleriskart.is\/pl\/wp-json\/wp\/v2\/media\/1209"}],"wp:attachment":[{"href":"https:\/\/galleriskart.is\/pl\/wp-json\/wp\/v2\/media?parent=1154"}],"wp:term":[{"taxonomy":"product_brand","embeddable":true,"href":"https:\/\/galleriskart.is\/pl\/wp-json\/wp\/v2\/product_brand?post=1154"},{"taxonomy":"product_cat","embeddable":true,"href":"https:\/\/galleriskart.is\/pl\/wp-json\/wp\/v2\/product_cat?post=1154"},{"taxonomy":"product_tag","embeddable":true,"href":"https:\/\/galleriskart.is\/pl\/wp-json\/wp\/v2\/product_tag?post=1154"}],"curies":[{"name":"wp","href":"https:\/\/api.w.org\/{rel}","templated":true}]}}