{"id":1148,"date":"2024-03-26T11:16:53","date_gmt":"2024-03-26T11:16:53","guid":{"rendered":"https:\/\/galleriskart.is\/?post_type=product&#038;p=1148"},"modified":"2024-03-26T11:19:19","modified_gmt":"2024-03-26T11:19:19","slug":"kristall-taer-lemuriukvars","status":"publish","type":"product","link":"https:\/\/galleriskart.is\/pl\/product\/kristall-taer-lemuriukvars\/","title":{"rendered":"Krystalicznie czysty kwarc lemuryjski"},"content":{"rendered":"<p>Uwa\u017ca si\u0119, \u017ce kwarc lemuryjski pozostawili nam dzisiaj Ziemianie mieszka\u0144cy zaginionej krainy Lemurii.&nbsp;<\/p>\n<p class=\"p1\">Kwarc lemuryjski jest \u015bwietnym uzdrowicielem i ma pom\u00f3c wydoby\u0107 informacje, kt\u00f3re zosta\u0142y ukryte lub kt\u00f3rych nie wida\u0107 go\u0142ym okiem.&nbsp;<\/p>\n<p class=\"p1\">Przypuszcza si\u0119, \u017ce lemurykwary zosta\u0142y nam przys\u0142ane, aby uzdrowi\u0107 siebie i \u015bwiat.&nbsp;<\/p>\n<p class=\"p1\">Kwarc lemuryjski pochodzi z Brazylii.&nbsp;<\/p>\n<p>D\u0142ugo\u015b\u0107 5,5cm<\/p>","protected":false},"excerpt":{"rendered":"<p>Tali\u00f0 er a\u00f0 Lem\u00far\u00edukvars (Lemurian quartz) hafi veri\u00f0 skilin eftir fyrir okkur jar\u00f0arb\u00faa \u00ed dag af \u00edb\u00faum t\u00fdnda landsins Lem\u00far\u00edu.&nbsp; Lem\u00far\u00edukvars er mikill heilari og \u00e1 a\u00f0 hj\u00e1lpa til vi\u00f0 a\u00f0 draga fram uppl\u00fdsingar&nbsp;sem hafa veri\u00f0 faldar e\u00f0a sem vi\u00f0 sj\u00e1um ekki me\u00f0 berum augum.&nbsp; Lem\u00far\u00edkvars \u00e1 a\u00f0 hafa veri\u00f0 sendur til okkar til a\u00f0 [&hellip;]<\/p>\n","protected":false},"featured_media":1203,"template":"","meta":[],"product_brand":[],"product_cat":[57],"product_tag":[],"class_list":{"0":"post-1148","1":"product","2":"type-product","3":"status-publish","4":"has-post-thumbnail","6":"product_cat-draumafangarar","8":"first","9":"instock","10":"taxable","11":"shipping-taxable","12":"purchasable","13":"product-type-simple"},"_links":{"self":[{"href":"https:\/\/galleriskart.is\/pl\/wp-json\/wp\/v2\/product\/1148","targetHints":{"allow":["GET"]}}],"collection":[{"href":"https:\/\/galleriskart.is\/pl\/wp-json\/wp\/v2\/product"}],"about":[{"href":"https:\/\/galleriskart.is\/pl\/wp-json\/wp\/v2\/types\/product"}],"wp:featuredmedia":[{"embeddable":true,"href":"https:\/\/galleriskart.is\/pl\/wp-json\/wp\/v2\/media\/1203"}],"wp:attachment":[{"href":"https:\/\/galleriskart.is\/pl\/wp-json\/wp\/v2\/media?parent=1148"}],"wp:term":[{"taxonomy":"product_brand","embeddable":true,"href":"https:\/\/galleriskart.is\/pl\/wp-json\/wp\/v2\/product_brand?post=1148"},{"taxonomy":"product_cat","embeddable":true,"href":"https:\/\/galleriskart.is\/pl\/wp-json\/wp\/v2\/product_cat?post=1148"},{"taxonomy":"product_tag","embeddable":true,"href":"https:\/\/galleriskart.is\/pl\/wp-json\/wp\/v2\/product_tag?post=1148"}],"curies":[{"name":"wp","href":"https:\/\/api.w.org\/{rel}","templated":true}]}}