{"id":1147,"date":"2024-03-26T11:16:53","date_gmt":"2024-03-26T11:16:53","guid":{"rendered":"https:\/\/galleriskart.is\/?post_type=product&#038;p=1147"},"modified":"2024-03-26T11:19:14","modified_gmt":"2024-03-26T11:19:14","slug":"kristall-lapis-lazuli","status":"publish","type":"product","link":"https:\/\/galleriskart.is\/pl\/product\/kristall-lapis-lazuli\/","title":{"rendered":"Kryszta\u0142owy lapis lazuli"},"content":{"rendered":"<p>D\u0142ugo\u015b\u0107 5,5cm<\/p>\n<p><span>Lapis lazuli<\/span><br \/>\n<span>Intuicja, realizacja my\u015bli, ochrona, uzdrowienie, rado\u015b\u0107, mi\u0142o\u015b\u0107, lojalno\u015b\u0107, duchowo\u015b\u0107 i odwaga. Ko\u015bci\/szpik kostny, problemy psychiczne, b\u00f3l gard\u0142a, serce, r\u00f3wnowaga\/zwi\u0119kszenie zdolno\u015bci po\u0142ykania, \u015bledziona i tarczyca. Przeciw stresowi. Bardzo duchowy kamie\u0144.<\/span><br \/>\n<span>3 oko i centrum wirowe.<\/span><\/p>\n<p><span>M\u0105dro\u015b\u0107 i wnikliwo\u015b\u0107, ochrona, rado\u015b\u0107, mi\u0142o\u015b\u0107, lojalno\u015b\u0107 i odwaga<\/span><\/p>","protected":false},"excerpt":{"rendered":"<p>Lapis lazuli o d\u0142ugo\u015bci 5,5 cm. Intuicja, manifestacja my\u015bli, ochrona, uzdrawianie, rado\u015b\u0107, mi\u0142o\u015b\u0107, lojalno\u015b\u0107, duchowo\u015b\u0107 i odwaga. Ko\u015bci\/szpik kostny, problemy psychiczne, b\u00f3l gard\u0142a, serce, r\u00f3wnowaga\/wzmocnienie uk\u0142adu trawiennego, \u015bledziony i tarczycy. Przeciwdzia\u0142a stresowi. Bardzo duchowy kamie\u0144. Trzecie oko i o\u015brodek wirowy. M\u0105dro\u015b\u0107 i intuicja, ochrona, rado\u015b\u0107, mi\u0142o\u015b\u0107, lojalno\u015b\u0107 i odwaga.<\/p>","protected":false},"featured_media":1202,"template":"","meta":[],"product_brand":[],"product_cat":[57],"product_tag":[],"class_list":{"0":"post-1147","1":"product","2":"type-product","3":"status-publish","4":"has-post-thumbnail","6":"product_cat-draumafangarar","8":"first","9":"instock","10":"taxable","11":"shipping-taxable","12":"purchasable","13":"product-type-simple"},"_links":{"self":[{"href":"https:\/\/galleriskart.is\/pl\/wp-json\/wp\/v2\/product\/1147","targetHints":{"allow":["GET"]}}],"collection":[{"href":"https:\/\/galleriskart.is\/pl\/wp-json\/wp\/v2\/product"}],"about":[{"href":"https:\/\/galleriskart.is\/pl\/wp-json\/wp\/v2\/types\/product"}],"wp:featuredmedia":[{"embeddable":true,"href":"https:\/\/galleriskart.is\/pl\/wp-json\/wp\/v2\/media\/1202"}],"wp:attachment":[{"href":"https:\/\/galleriskart.is\/pl\/wp-json\/wp\/v2\/media?parent=1147"}],"wp:term":[{"taxonomy":"product_brand","embeddable":true,"href":"https:\/\/galleriskart.is\/pl\/wp-json\/wp\/v2\/product_brand?post=1147"},{"taxonomy":"product_cat","embeddable":true,"href":"https:\/\/galleriskart.is\/pl\/wp-json\/wp\/v2\/product_cat?post=1147"},{"taxonomy":"product_tag","embeddable":true,"href":"https:\/\/galleriskart.is\/pl\/wp-json\/wp\/v2\/product_tag?post=1147"}],"curies":[{"name":"wp","href":"https:\/\/api.w.org\/{rel}","templated":true}]}}