{"id":1146,"date":"2024-03-26T11:16:53","date_gmt":"2024-03-26T11:16:53","guid":{"rendered":"https:\/\/galleriskart.is\/?post_type=product&#038;p=1146"},"modified":"2025-12-24T01:08:56","modified_gmt":"2025-12-24T01:08:56","slug":"kristall-rosakvars","status":"publish","type":"product","link":"https:\/\/galleriskart.is\/pl\/product\/kristall-rosakvars\/","title":{"rendered":"Kryszta\u0142owy kwarc r\u00f3\u017cowy"},"content":{"rendered":"<p>D\u0142ugo\u015b\u0107 5,5cm<\/p>\n<p><span style=\"font-family\"><\/span><\/p>\n<p><span style=\"font-family\">Kwarc r\u00f3\u017cowy jest kamieniem mi\u0142o\u015bci, wzmacnia komunikacj\u0119, bezwarunkow\u0105 mi\u0142o\u015b\u0107 i ochron\u0119. Uspokaja i rozgrzewa czakr\u0119 serca oraz pomaga nam wybacza\u0107, tolerowa\u0107 i pozwala\u0107 na wi\u0119cej mi\u0142o\u015bci i uczucia w naszym \u017cyciu.<\/span><\/p>","protected":false},"excerpt":{"rendered":"<p>Kwarc r\u00f3\u017cowy o d\u0142ugo\u015bci 5,5 cm to Kamie\u0144 Mi\u0142o\u015bci, wzmacniaj\u0105cy komunikacj\u0119, bezwarunkow\u0105 mi\u0142o\u015b\u0107 i ochron\u0119. Uspokaja i ogrzewa serce, pomagaj\u0105c nam wybacza\u0107, tolerowa\u0107 i wpuszcza\u0107 do naszego \u017cycia wi\u0119cej mi\u0142o\u015bci i czu\u0142o\u015bci.<\/p>","protected":false},"featured_media":1201,"template":"","meta":[],"product_brand":[],"product_cat":[57],"product_tag":[],"class_list":{"0":"post-1146","1":"product","2":"type-product","3":"status-publish","4":"has-post-thumbnail","6":"product_cat-draumafangarar","8":"first","9":"instock","10":"taxable","11":"shipping-taxable","12":"purchasable","13":"product-type-simple"},"_links":{"self":[{"href":"https:\/\/galleriskart.is\/pl\/wp-json\/wp\/v2\/product\/1146","targetHints":{"allow":["GET"]}}],"collection":[{"href":"https:\/\/galleriskart.is\/pl\/wp-json\/wp\/v2\/product"}],"about":[{"href":"https:\/\/galleriskart.is\/pl\/wp-json\/wp\/v2\/types\/product"}],"wp:featuredmedia":[{"embeddable":true,"href":"https:\/\/galleriskart.is\/pl\/wp-json\/wp\/v2\/media\/1201"}],"wp:attachment":[{"href":"https:\/\/galleriskart.is\/pl\/wp-json\/wp\/v2\/media?parent=1146"}],"wp:term":[{"taxonomy":"product_brand","embeddable":true,"href":"https:\/\/galleriskart.is\/pl\/wp-json\/wp\/v2\/product_brand?post=1146"},{"taxonomy":"product_cat","embeddable":true,"href":"https:\/\/galleriskart.is\/pl\/wp-json\/wp\/v2\/product_cat?post=1146"},{"taxonomy":"product_tag","embeddable":true,"href":"https:\/\/galleriskart.is\/pl\/wp-json\/wp\/v2\/product_tag?post=1146"}],"curies":[{"name":"wp","href":"https:\/\/api.w.org\/{rel}","templated":true}]}}