{"id":1145,"date":"2024-03-26T11:16:53","date_gmt":"2024-03-26T11:16:53","guid":{"rendered":"https:\/\/galleriskart.is\/?post_type=product&#038;p=1145"},"modified":"2024-03-26T11:19:05","modified_gmt":"2024-03-26T11:19:05","slug":"kristall-hrafntinna","status":"publish","type":"product","link":"https:\/\/galleriskart.is\/pl\/product\/kristall-hrafntinna\/","title":{"rendered":"Kryszta\u0142owy obsydian"},"content":{"rendered":"<p>D\u0142ugo\u015b\u0107 5,5cm<\/p>\n<p><span>Kamie\u0144 uczciwo\u015bci i prawdy, promuje szczero\u015b\u0107. Wywo\u0142uje ducha rywalizacji i odpycha negatywne nastawienie. Ochrona przed atakami energetycznymi\/prze\u015bladowaniami i pomaga pokona\u0107 obsesje.<\/span><\/p>","protected":false},"excerpt":{"rendered":"<p>Kamie\u0144 honoru i prawdy o d\u0142ugo\u015bci 5,5 cm, promuje szczero\u015b\u0107. Wzmacnia ducha rywalizacji i odpycha negatywno\u015b\u0107. Chroni przed atakami energetycznymi\/prze\u015bladowaniami i pomaga przezwyci\u0119\u017cy\u0107 obsesj\u0119.<\/p>","protected":false},"featured_media":1200,"template":"","meta":[],"product_brand":[],"product_cat":[57],"product_tag":[],"class_list":{"0":"post-1145","1":"product","2":"type-product","3":"status-publish","4":"has-post-thumbnail","6":"product_cat-draumafangarar","8":"first","9":"instock","10":"taxable","11":"shipping-taxable","12":"purchasable","13":"product-type-simple"},"_links":{"self":[{"href":"https:\/\/galleriskart.is\/pl\/wp-json\/wp\/v2\/product\/1145","targetHints":{"allow":["GET"]}}],"collection":[{"href":"https:\/\/galleriskart.is\/pl\/wp-json\/wp\/v2\/product"}],"about":[{"href":"https:\/\/galleriskart.is\/pl\/wp-json\/wp\/v2\/types\/product"}],"wp:featuredmedia":[{"embeddable":true,"href":"https:\/\/galleriskart.is\/pl\/wp-json\/wp\/v2\/media\/1200"}],"wp:attachment":[{"href":"https:\/\/galleriskart.is\/pl\/wp-json\/wp\/v2\/media?parent=1145"}],"wp:term":[{"taxonomy":"product_brand","embeddable":true,"href":"https:\/\/galleriskart.is\/pl\/wp-json\/wp\/v2\/product_brand?post=1145"},{"taxonomy":"product_cat","embeddable":true,"href":"https:\/\/galleriskart.is\/pl\/wp-json\/wp\/v2\/product_cat?post=1145"},{"taxonomy":"product_tag","embeddable":true,"href":"https:\/\/galleriskart.is\/pl\/wp-json\/wp\/v2\/product_tag?post=1145"}],"curies":[{"name":"wp","href":"https:\/\/api.w.org\/{rel}","templated":true}]}}