{"id":1144,"date":"2024-03-26T11:16:53","date_gmt":"2024-03-26T11:16:53","guid":{"rendered":"https:\/\/galleriskart.is\/?post_type=product&#038;p=1144"},"modified":"2024-03-26T11:19:00","modified_gmt":"2024-03-26T11:19:00","slug":"kristall-ametist","status":"publish","type":"product","link":"https:\/\/galleriskart.is\/pl\/product\/kristall-ametist\/","title":{"rendered":"Kryszta\u0142owy ametyst"},"content":{"rendered":"<p>D\u0142ugo\u015b\u0107 5,5cm<\/p>\n<p><span style=\"font-family\">Dzia\u0142a na stres, jest bardzo silny i ochronny. Poprawia pami\u0119\u0107 i \u0142agodzi smutek. Dobrze trzyma\u0107 na nocnym stoliku na bezsenno\u015b\u0107 i dla tych, kt\u00f3rzy s\u0105 przyt\u0142oczeni my\u015blami.<\/span><\/p>","protected":false},"excerpt":{"rendered":"<p>D\u0142ugo\u015b\u0107 5,5 cm. Dzia\u0142a na stres, bardzo silnie i ochronnie. Poprawia pami\u0119\u0107 i \u0142agodzi smutek. Warto trzyma\u0107 go na stoliku nocnym, aby pom\u00f3c osobom cierpi\u0105cym na bezsenno\u015b\u0107 i przeci\u0105\u017conym my\u015blami.<\/p>","protected":false},"featured_media":1199,"template":"","meta":[],"product_brand":[],"product_cat":[57],"product_tag":[],"class_list":{"0":"post-1144","1":"product","2":"type-product","3":"status-publish","4":"has-post-thumbnail","6":"product_cat-draumafangarar","8":"first","9":"instock","10":"taxable","11":"shipping-taxable","12":"purchasable","13":"product-type-simple"},"_links":{"self":[{"href":"https:\/\/galleriskart.is\/pl\/wp-json\/wp\/v2\/product\/1144","targetHints":{"allow":["GET"]}}],"collection":[{"href":"https:\/\/galleriskart.is\/pl\/wp-json\/wp\/v2\/product"}],"about":[{"href":"https:\/\/galleriskart.is\/pl\/wp-json\/wp\/v2\/types\/product"}],"wp:featuredmedia":[{"embeddable":true,"href":"https:\/\/galleriskart.is\/pl\/wp-json\/wp\/v2\/media\/1199"}],"wp:attachment":[{"href":"https:\/\/galleriskart.is\/pl\/wp-json\/wp\/v2\/media?parent=1144"}],"wp:term":[{"taxonomy":"product_brand","embeddable":true,"href":"https:\/\/galleriskart.is\/pl\/wp-json\/wp\/v2\/product_brand?post=1144"},{"taxonomy":"product_cat","embeddable":true,"href":"https:\/\/galleriskart.is\/pl\/wp-json\/wp\/v2\/product_cat?post=1144"},{"taxonomy":"product_tag","embeddable":true,"href":"https:\/\/galleriskart.is\/pl\/wp-json\/wp\/v2\/product_tag?post=1144"}],"curies":[{"name":"wp","href":"https:\/\/api.w.org\/{rel}","templated":true}]}}