{"id":1020,"date":"2024-03-26T11:12:20","date_gmt":"2024-03-26T11:12:20","guid":{"rendered":"https:\/\/galleriskart.is\/?post_type=product&#038;p=1020"},"modified":"2025-01-07T16:26:19","modified_gmt":"2025-01-07T16:26:19","slug":"silfur-halsmen-hjartalaga-med-saetum-litlum-semeliusteinum","status":"publish","type":"product","link":"https:\/\/galleriskart.is\/pl\/product\/silfur-halsmen-hjartalaga-med-saetum-litlum-semeliusteinum\/","title":{"rendered":"Srebrny naszyjnik w kszta\u0142cie serca z uroczymi ma\u0142ymi p\u00f3\u0142szlachetnymi kamieniami"},"content":{"rendered":"<p>Materia\u0142 srebrny<\/p>","protected":false},"excerpt":{"rendered":"<p>Materia\u0142 srebrny<\/p>","protected":false},"featured_media":1076,"template":"","meta":[],"product_brand":[],"product_cat":[47],"product_tag":[],"class_list":{"0":"post-1020","1":"product","2":"type-product","3":"status-publish","4":"has-post-thumbnail","6":"product_cat-skartgripir","8":"first","9":"instock","10":"taxable","11":"shipping-taxable","12":"purchasable","13":"product-type-simple"},"_links":{"self":[{"href":"https:\/\/galleriskart.is\/pl\/wp-json\/wp\/v2\/product\/1020","targetHints":{"allow":["GET"]}}],"collection":[{"href":"https:\/\/galleriskart.is\/pl\/wp-json\/wp\/v2\/product"}],"about":[{"href":"https:\/\/galleriskart.is\/pl\/wp-json\/wp\/v2\/types\/product"}],"wp:featuredmedia":[{"embeddable":true,"href":"https:\/\/galleriskart.is\/pl\/wp-json\/wp\/v2\/media\/1076"}],"wp:attachment":[{"href":"https:\/\/galleriskart.is\/pl\/wp-json\/wp\/v2\/media?parent=1020"}],"wp:term":[{"taxonomy":"product_brand","embeddable":true,"href":"https:\/\/galleriskart.is\/pl\/wp-json\/wp\/v2\/product_brand?post=1020"},{"taxonomy":"product_cat","embeddable":true,"href":"https:\/\/galleriskart.is\/pl\/wp-json\/wp\/v2\/product_cat?post=1020"},{"taxonomy":"product_tag","embeddable":true,"href":"https:\/\/galleriskart.is\/pl\/wp-json\/wp\/v2\/product_tag?post=1020"}],"curies":[{"name":"wp","href":"https:\/\/api.w.org\/{rel}","templated":true}]}}