{"id":1012,"date":"2024-03-26T11:11:55","date_gmt":"2024-03-26T11:11:55","guid":{"rendered":"https:\/\/galleriskart.is\/?post_type=product&#038;p=1012"},"modified":"2024-03-26T11:14:21","modified_gmt":"2024-03-26T11:14:21","slug":"vn-193-halsmen-med-natturustein","status":"publish","type":"product","link":"https:\/\/galleriskart.is\/pl\/product\/vn-193-halsmen-med-natturustein\/","title":{"rendered":"Vn 193. Naszyjnik z kamieniem naturalnym"},"content":{"rendered":"<p>Materia\u0142 w \u0142a\u0144cuchu ze stali medycznej<\/p>\n<p>Projektant Binni<\/p>","protected":false},"excerpt":{"rendered":"<p>Materia\u0142 w \u0142a\u0144cuchu medycznym ze stali Projektant Binni<\/p>","protected":false},"featured_media":1069,"template":"","meta":[],"product_brand":[],"product_cat":[47],"product_tag":[],"class_list":{"0":"post-1012","1":"product","2":"type-product","3":"status-publish","4":"has-post-thumbnail","6":"product_cat-skartgripir","8":"first","9":"instock","10":"taxable","11":"shipping-taxable","12":"purchasable","13":"product-type-simple"},"_links":{"self":[{"href":"https:\/\/galleriskart.is\/pl\/wp-json\/wp\/v2\/product\/1012","targetHints":{"allow":["GET"]}}],"collection":[{"href":"https:\/\/galleriskart.is\/pl\/wp-json\/wp\/v2\/product"}],"about":[{"href":"https:\/\/galleriskart.is\/pl\/wp-json\/wp\/v2\/types\/product"}],"wp:featuredmedia":[{"embeddable":true,"href":"https:\/\/galleriskart.is\/pl\/wp-json\/wp\/v2\/media\/1069"}],"wp:attachment":[{"href":"https:\/\/galleriskart.is\/pl\/wp-json\/wp\/v2\/media?parent=1012"}],"wp:term":[{"taxonomy":"product_brand","embeddable":true,"href":"https:\/\/galleriskart.is\/pl\/wp-json\/wp\/v2\/product_brand?post=1012"},{"taxonomy":"product_cat","embeddable":true,"href":"https:\/\/galleriskart.is\/pl\/wp-json\/wp\/v2\/product_cat?post=1012"},{"taxonomy":"product_tag","embeddable":true,"href":"https:\/\/galleriskart.is\/pl\/wp-json\/wp\/v2\/product_tag?post=1012"}],"curies":[{"name":"wp","href":"https:\/\/api.w.org\/{rel}","templated":true}]}}