{"id":29,"date":"2024-03-18T15:34:38","date_gmt":"2024-03-18T15:34:38","guid":{"rendered":"https:\/\/galleriskart.is\/?page_id=29"},"modified":"2024-12-22T18:34:00","modified_gmt":"2024-12-22T18:34:00","slug":"skilmalar","status":"publish","type":"page","link":"https:\/\/galleriskart.is\/pl\/skilmalar\/","title":{"rendered":"Regulamin"},"content":{"rendered":"<div data-elementor-type=\"wp-page\" data-elementor-id=\"29\" class=\"elementor elementor-29\" wpc-filter-elementor-widget=\"1\" data-elementor-post-type=\"page\">\n\t\t\t\t<div class=\"elementor-element elementor-element-5699a50a e-flex e-con-boxed e-con e-parent\" data-id=\"5699a50a\" data-element_type=\"container\" data-e-type=\"container\">\n\t\t\t\t\t<div class=\"e-con-inner\">\n\t\t\t\t<div class=\"elementor-element elementor-element-f3a7cd7 elementor-widget elementor-widget-text-editor\" data-id=\"f3a7cd7\" data-element_type=\"widget\" data-e-type=\"widget\" data-widget_type=\"text-editor.default\">\n\t\t\t\t<div class=\"elementor-widget-container\">\n\t\t\t\t\t\t\t\t\t<h2>Regulamin<\/h2>\n<p><strong>Warunki Mapa galerii<\/strong><br \/>Niniejsze warunki maj\u0105 zastosowanie do sprzeda\u017cy produkt\u00f3w i us\u0142ug Galleriskart ehf. konsumentom.<br \/>Podstaw\u0105 transakcji s\u0105 warunki potwierdzone potwierdzeniem zakupu.<br \/>Regulamin i inne informacje na stronie www.galleriskart.is s\u0105 dost\u0119pne wy\u0142\u0105cznie w j\u0119zyku islandzkim.<br \/>Te zakupy konsumenckie reguluj\u0105 Ustawa o zakupach konsumenckich, Ustawa o umowach, Ustawa o handlu elektronicznym i innych us\u0142ugach elektronicznych, Ustawa o jurysdykcji oraz Ustawa o ochronie osobistej i przetwarzaniu danych osobowych.<br \/><span style=\"color: var( --e-global-color-text ); font-family: var( --e-global-typography-text-font-family ), Sans-serif; font-size: var( --e-global-typography-text-font-size ); font-style: var( --e-global-typography-text-font-style ); font-weight: var( --e-global-typography-text-font-weight ); text-align: var(--text-align); text-transform: var( --e-global-typography-text-text-transform );\"><br \/><strong>1. Definicja<\/strong><br \/><\/span><span style=\"color: var( --e-global-color-text ); font-family: var( --e-global-typography-text-font-family ), Sans-serif; font-size: var( --e-global-typography-text-font-size ); font-style: var( --e-global-typography-text-font-style ); font-weight: var( --e-global-typography-text-font-weight ); text-align: var(--text-align); text-transform: var( --e-global-typography-text-text-transform );\">Sprzedaj\u0105cym jest Galleri Skart ehf., numer identyfikacyjny: 540222-0450, NIP 144022. Galleri Skart ehf. jest zarejestrowana w islandzkim rejestrze przedsi\u0119biorstw.<br \/><\/span><span style=\"color: var( --e-global-color-text ); font-family: var( --e-global-typography-text-font-family ), Sans-serif; font-size: var( --e-global-typography-text-font-size ); font-style: var( --e-global-typography-text-font-style ); font-weight: var( --e-global-typography-text-font-weight ); text-align: var(--text-align); text-transform: var( --e-global-typography-text-text-transform );\">Kupuj\u0105cym jest osoba, kt\u00f3ra jest zarejestrowana jako Kupuj\u0105cy na Koncie. Aby m\u00f3c dokonywa\u0107 zakup\u00f3w w sklepie internetowym www.galleriskart.is, kupuj\u0105cy musi mie\u0107 uko\u0144czone 16 lat<\/span><\/p>\n<p><strong>2. 30-dniowe prawo zwrotu<\/strong><br \/>Kupuj\u0105cy mo\u017ce w ci\u0105gu 30 dni zwr\u00f3ci\u0107 produkt zakupiony u sprzedawcy, wybra\u0107 nowy produkt lub otrzyma\u0107 not\u0119 kredytow\u0105. Zwracaj\u0105c produkt, musi on by\u0107 w oryginalnym stanie wraz z opakowaniem. Sprzedawca zastrzega sobie prawo do sprawdzenia, czy produkt jest w porz\u0105dku, jednak\u017ce w rozs\u0105dnym terminie. Sprzedawca zastrzega sobie prawo do zapobiegania nadu\u017cyciom 30-dniowego prawa zwrotu.<\/p>\n<p><strong>2.1 Dotyczy wszystkich produkt\u00f3w:<\/strong><br \/>\u2022 Karta gwarancyjna, dow\u00f3d zakupu lub warunki bonu upominkowego umo\u017cliwiaj\u0105ce zwrot produktu<br \/>\u2022 Produkt musi by\u0107 w oryginalnym stanie<br \/>\u2022 Zaleca si\u0119, aby produkt znajdowa\u0142 si\u0119 w oryginalnym opakowaniu<br \/>\u2022 Bezwzgl\u0119dnym wymogiem jest to, aby do produktu do\u0142\u0105czone by\u0142y wszystkie akcesoria<br \/>\u2022 www.galleriskart.is zastrzega sobie prawo do przetestowania produktu, je\u015bli zajdzie taka potrzeba, w normalnych terminach<br \/>\u2022 Termin 30-dniowy liczony jest na podstawie daty oryginalnego dowodu zakupu<\/p>\n<p><strong>3. Ochrona reklam<\/strong><\/p>\n<p><strong>4. Zam\u00f3w<\/strong><br \/>Zam\u00f3wienie jest wi\u0105\u017c\u0105ce w momencie zarejestrowania go na serwerze sprzedawcy. Dzieje si\u0119 tak, gdy kupuj\u0105cy potwierdzi\u0142 zam\u00f3wienie w kroku 3.<br \/>Sprzedawca ma tak\u017ce obowi\u0105zek zrealizowa\u0107 zam\u00f3wienie Kupuj\u0105cego, o ile jest ono zgodne z wyborem produkt\u00f3w i cen\u0105.<br \/>Wszystkie zam\u00f3wienia podejrzane o oszustwo i\/lub dotkni\u0119te b\u0142\u0119dem oprogramowania s\u0105 anulowane.<br \/>Kupuj\u0105cy ma prawo odst\u0105pi\u0107 od umowy zgodnie z przepisami o zakupach konsumenckich, wi\u0119cej w artykule 11.<br \/>Sprzedawca wysy\u0142a kupuj\u0105cemu potwierdzenie w momencie zarejestrowania zam\u00f3wienia, ale tylko wtedy, gdy kupuj\u0105cy zarejestrowa\u0142 sw\u00f3j adres e-mail podczas zakupu.<br \/>Kupuj\u0105cemu zaleca si\u0119 dok\u0142adne zapoznanie si\u0119 z otrzymanym potwierdzeniem zam\u00f3wienia.<br \/>Nale\u017cy zadba\u0107 o to, aby by\u0142o to zgodne z zamierzon\u0105 kolejno\u015bci\u0105.<br \/>Odst\u0119pstwa od zam\u00f3wienia i potwierdzenia zam\u00f3wienia nale\u017cy rozumie\u0107 jako now\u0105 ofert\u0119 sprzedaj\u0105cego, kt\u00f3r\u0105 mo\u017cna odrzuci\u0107 lub przyj\u0105\u0107.<br \/>Kupuj\u0105cy ma tak\u017ce prawo do pozostawienia pierwotnego zam\u00f3wienia w mocy, o ile jest ono zgodne z ofert\u0105 sprzedaj\u0105cego.<\/p>\n<p><strong>5. Informacje<\/strong><br \/>Sprzedawca zawsze udziela informacji o produktach zgodnie ze swoj\u0105 najlepsz\u0105 wiedz\u0105. Sprzedawca publikuje wszystkie informacje podlegaj\u0105ce wadom, wirusom, b\u0142\u0119dom drukarskim, wy\u015bwietlaj\u0105cym i pisarskim w tek\u015bcie, cenach i zdj\u0119ciach.<br \/>Ponadto sprzedawca zastrzega sobie prawo do anulowania zam\u00f3wienia kupuj\u0105cego w ca\u0142o\u015bci lub w cz\u0119\u015bci w przypadku wyprzedania towaru. W takiej sytuacji kupuj\u0105cy otrzymuje powiadomienie wraz z informacj\u0105 o tym, co mog\u0142oby by\u0107 odpowiednie w zamian. Kupuj\u0105cy ma w\u00f3wczas mo\u017cliwo\u015b\u0107 zaakceptowania tej propozycji lub anulowania zam\u00f3wienia w ca\u0142o\u015bci.<\/p>\n<p><strong>6. Cena<\/strong><br \/>Ceny u sprzedawcy stale si\u0119 zmieniaj\u0105 ze wzgl\u0119du na konkurencj\u0119 i zmiany cen dostawc\u00f3w. Podwy\u017cki cen powsta\u0142e po z\u0142o\u017ceniu zam\u00f3wienia przez Klienta nie podlegaj\u0105 zwrotowi. Obowi\u0105zuje cena obowi\u0105zuj\u0105ca w momencie sk\u0142adania zam\u00f3wienia i widniej\u0105ca na potwierdzeniu zam\u00f3wienia.<br \/><span style=\"text-align: var(--text-align); color: var( --e-global-color-text ); font-family: var( --e-global-typography-text-font-family ), Sans-serif; font-size: var( --e-global-typography-text-font-size ); font-style: var( --e-global-typography-text-font-style ); font-weight: var( --e-global-typography-text-font-weight ); text-transform: var( --e-global-typography-text-text-transform );\">Ca\u0142kowity koszt jest podawany zanim kupuj\u0105cy ostatecznie potwierdzi zam\u00f3wienie. Tam s\u0105 podane wszystkie koszty zam\u00f3wienia, takie jak obs\u0142uga, wysy\u0142ka itp. Tylko szczeg\u00f3lne przypadki mog\u0105 wi\u0105za\u0107 si\u0119 z dodatkowymi kosztami po potwierdzeniu zam\u00f3wienia. Przyk\u0142adami mog\u0105 by\u0107 awarie, wirusy, b\u0142\u0119dy w druku, wy\u015bwietlaniu i pisaniu w tek\u015bcie, cenach i obrazach.<br \/><\/span><span style=\"text-align: var(--text-align); color: var( --e-global-color-text ); font-family: var( --e-global-typography-text-font-family ), Sans-serif; font-size: var( --e-global-typography-text-font-size ); font-style: var( --e-global-typography-text-font-style ); font-weight: var( --e-global-typography-text-font-weight ); text-transform: var( --e-global-typography-text-text-transform );\">Oferta internetowa obowi\u0105zuje wy\u0142\u0105cznie w przypadku zakupu produktu w sklepie internetowym www.galleriskart.is<\/span><\/p>\n<p><strong>7. P\u0142atno\u015b\u0107<\/strong><br \/>P\u0142atno\u015bci mo\u017cna dokona\u0107 kart\u0105 debetow\u0105 i kredytow\u0105 oraz Netg\u00edro. W przypadku p\u0142atno\u015bci kart\u0105 kredytow\u0105 kwota zostanie pobrana w momencie realizacji zam\u00f3wienia z magazynu. Je\u017celi p\u0142atno\u015b\u0107 za zam\u00f3wienie internetowe nie wp\u0142ynie w ci\u0105gu 1 godziny, sprzedawca zastrzega sobie prawo do anulowania zam\u00f3wienia.<br \/>Problemy z transakcjami zwi\u0105zanymi z rachunkiem bie\u017c\u0105cym reguluje regulamin rachunku.<\/p>\n<p><strong>8. Dostawa i op\u00f3\u017anienie<\/strong><br \/>Dostaw\u0119 uwa\u017ca si\u0119 za zrealizowan\u0105 w normalnym terminie liczonym od dnia wystawienia faktury. W procesie zakupu jest podane, czego mo\u017cna si\u0119 spodziewa\u0107 w zale\u017cno\u015bci od wybranej metody wysy\u0142ki. Sprzedawca dostarcza produkty wy\u0142\u0105cznie na terenie Islandii.<br \/>Je\u017celi dostawa op\u00f3\u017ani si\u0119, sprzedawca powiadomi kupuj\u0105cego wraz z informacj\u0105 o tym, kiedy zam\u00f3wienie b\u0119dzie gotowe do wysy\u0142ki lub zaoferuje produkt zast\u0119pczy w przypadku wyprzedania towaru.<br \/>W przypadku ch\u0119ci przechowania nieodebranego produktu w magazynie www.galleriskart.is okres przechowywania wynosi maksymalnie 2 tygodnie, w przypadku ch\u0119ci przechowania produktu d\u0142u\u017cej ni\u017c miesi\u0119czna op\u0142ata za przechowywanie w wysoko\u015bci 5% od ilo\u015bci produktu jest wymagane.<\/p>\n<p><strong>9. Recenzja produkt\u00f3w<\/strong><br \/>Kupuj\u0105cy po otrzymaniu zam\u00f3wienia ma obowi\u0105zek sprawdzi\u0107, czy jest ono zgodne z potwierdzeniem zam\u00f3wienia, czy co\u015b nie uleg\u0142o uszkodzeniu w transporcie oraz czy wszystkie produkty s\u0105 zgodne z opisem produktu i wolne od wad.<br \/>Niniejsze warunki zak\u0142adaj\u0105, \u017ce kupuj\u0105cy przeczyta\u0142 i zapozna\u0142 si\u0119 z instrukcj\u0105 i\/lub instrukcj\u0105 do\u0142\u0105czon\u0105 do zakupionego produktu w momencie dostawy.<br \/>Za normalny czas obserwacji Klienta przyjmuje si\u0119 okres 30 dni. Po up\u0142ywie 30 dni sprzedaj\u0105cy zastrzega sobie prawo do sprawdzenia o\u015bwiadczenia kupuj\u0105cego w rozs\u0105dnym terminie przed rozpatrzeniem reklamacji kupuj\u0105cego. W wi\u0119kszo\u015bci przypadk\u00f3w wi\u0105\u017ce si\u0119 to ze sprawdzeniem przez autoryzowanego serwisanta. Je\u017celi www.galleriskart.is ustali, \u017ce zadrapania powsta\u0142y na skutek transportu, kupuj\u0105cy mo\u017ce natychmiast wymieni\u0107 takie produkty, je\u015bli zostan\u0105 zwr\u00f3cone lub zg\u0142osz\u0105 uszkodzenie w ci\u0105gu 2 dni od otrzymania przez kupuj\u0105cego. Sprzedawca zastrzega sobie prawo do odmowy zwrotu towaru po up\u0142ywie tego terminu w przypadku naruszenia plomby.<\/p>\n<p><strong>10. Prawo do wad lub zaniecha\u0144<\/strong><br \/>Je\u017celi produkt jest wadliwy lub czego\u015b brakuje, sprzedawca ma obowi\u0105zek zaoferowa\u0107 kupuj\u0105cemu napraw\u0119, nowy produkt, rabat lub rezygnacj\u0119 z zakupu. To, jaki spos\u00f3b zostanie wybrany w ka\u017cdym przypadku, zale\u017cy od okoliczno\u015bci.<br \/>Zg\u0142oszenia wad nale\u017cy dokona\u0107 ustnie lub pisemnie. Zaleca si\u0119 otrzymanie zg\u0142oszenia w terminie 7 dni od dnia stwierdzenia wady. Ze wzgl\u0119du na warto\u015b\u0107 ewidencyjn\u0105 zaleca si\u0119, aby kupuj\u0105cy wys\u0142a\u0142 wiadomo\u015b\u0107 e-mail z informacj\u0105 o wadzie i zachowa\u0142 kopi\u0119. Sprzedawca odsy\u0142a potwierdzenie otrzymania wiadomo\u015bci e-mail.<br \/>Prawo konsument\u00f3w (konsument oznacza osob\u0119 nieprowadz\u0105c\u0105 dzia\u0142alno\u015bci gospodarczej) do usuni\u0119cia wady zgodnie z ustaw\u0105 o zakupach konsumenckich nr. 48\/2003.<br \/>Sprzedawca zastrzega sobie prawo do sprawdzenia, czy produkt ma wad\u0119, jednak w rozs\u0105dnym terminie.<\/p>\n<p><strong>11. Odpowiedzialno\u015b\u0107<\/strong><br \/>Gwarancje sprzedawcy nie ograniczaj\u0105 uprawnie\u0144 przewidzianych w Ustawie o zakupach konsumenckich. Odpowiedzialno\u015b\u0107 za wady produktu jest zgodna z ustaw\u0105 o zakupach konsumenckich nr 48\/2003 i opiera si\u0119 na dacie zakupu na rzecz os\u00f3b fizycznych nieprowadz\u0105cych dzia\u0142alno\u015bci gospodarczej. W przypadku sprzeda\u017cy produktu na rzecz firmy (dzia\u0142alno\u015b\u0107 handlowa) r\u0119kojmia za wady wynosi 1 rok od daty zakupu zgodnie z Ustaw\u0105 o nabywaniu \u015brodk\u00f3w p\u0142ynnych Ustawa nr. 50\/2000.<br \/>Gwarancja nie zostaje potwierdzona bez przedstawienia dowodu zakupu.<br \/>Gwarancja nie obejmuje normalnego zu\u017cycia urz\u0105dzenia ani zu\u017cycia materia\u0142\u00f3w eksploatacyjnych, tj. nie obejmuje urz\u0105dze\u0144, kt\u00f3rych trwa\u0142o\u015b\u0107 przewidywana jest na mniej ni\u017c 2 lata. Ale og\u00f3lny okres reklamacji wynosi 2 lata. To normalne, \u017ce odnowienie mo\u017ce nast\u0105pi\u0107 w ci\u0105gu 6\u201324 miesi\u0119cy. Gwarancja wygasa w przypadku otwarcia lub modyfikacji produktu bez nadzoru\/zgody sprzedawcy, pomimo zaanga\u017cowania warsztatu i\/lub upowa\u017cnionej osoby. Gwarancja traci wa\u017cno\u015b\u0107 tak\u017ce wtedy, gdy usterk\u0119 mo\u017cna przypisa\u0107 z\u0142ej lub nieprawid\u0142owej obs\u0142udze, a kupuj\u0105cemu zaleca si\u0119 uwa\u017cne przeczytanie instrukcji lub instrukcji zgodnie z Artyku\u0142 10 niniejszych warunk\u00f3w.<br \/>W niekt\u00f3rych przypadkach poszczeg\u00f3lne produkty lub marki maj\u0105 d\u0142u\u017cszy okres gwarancji. W przypadkach, w kt\u00f3rych ma to zastosowanie, jest to okre\u015blone. Sprzedawca nie ma obowi\u0105zku uczestniczenia w udzielaniu rabat\u00f3w, wymianie towaru itp. po up\u0142ywie okresu gwarancyjnego.<br \/><span style=\"text-align: var(--text-align); color: var( --e-global-color-text ); font-family: var( --e-global-typography-text-font-family ), Sans-serif; font-size: var( --e-global-typography-text-font-size ); font-style: var( --e-global-typography-text-font-style ); font-weight: var( --e-global-typography-text-font-weight ); text-transform: var( --e-global-typography-text-text-transform );\">Sprzedawca zastrzega sobie prawo sprawdzenia, czy wada lub awaria jest obj\u0119ta warunkami gwarancji, jednak w rozs\u0105dnym terminie. Je\u017celi gwarancja ma zosta\u0107 rozwi\u0105zana, sprzedawca ma obowi\u0105zek zaoferowa\u0107 kupuj\u0105cemu nowy produkt, rabat lub rezygnacj\u0119 z zakupu. To, jaki spos\u00f3b zostanie wybrany w ka\u017cdym przypadku, zale\u017cy od okoliczno\u015bci.<\/span><\/p>\n<p><strong>12. Prywatno\u015b\u0107<\/strong><br \/>Wszelkie dane osobowe otrzymane przez sprzedawc\u0119 traktowane s\u0105 jako \u015bci\u015ble poufne i wykorzystywane wy\u0142\u0105cznie w celu sfinalizowania transakcji.<br \/>Kupuj\u0105cy ma jednak mo\u017cliwo\u015b\u0107 otrzymania oferty poczt\u0105 elektroniczn\u0105, a sprzedaj\u0105cy wykorzysta w\u00f3wczas wy\u0142\u0105cznie informacje potrzebne do tego, takie jak adres korespondencyjny.<\/p>\n<p><strong>13. W\u0142asno\u015b\u0107<\/strong><br \/>Sprzedany towar stanowi w\u0142asno\u015b\u0107 sprzedaj\u0105cego do chwili ca\u0142kowitej zap\u0142aty ceny zakupu.<br \/>Transakcje na koncie lub inne formy kredytu nie pozbawiaj\u0105 sprzedaj\u0105cego praw w\u0142asno\u015bci do czasu otrzymania pe\u0142nej zap\u0142aty.<\/p>\n<p><strong>14. Rozstrzyganie w\u0105tpliwo\u015bci<\/strong><br \/>Zawsze staraj si\u0119 rozwi\u0105za\u0107 wszystkie problemy w mo\u017cliwie najprostszy spos\u00f3b. Je\u017celi nie jest to mo\u017cliwe, spraw\u0119 mo\u017cna skierowa\u0107 do Komisji Reklamacyjnej Us\u0142ug i Zakup\u00f3w P\u0142ynno\u015bci dzia\u0142aj\u0105cej przy Biurze Konsumenckim. W ostateczno\u015bci mo\u017cesz skierowa\u0107 spraw\u0119 do s\u0105du. Dokonuje si\u0119 tego w jurysdykcji islandzkiej i jurysdykcji sprzedawcy.<br \/><br \/><strong>15. Us\u0142ugi i informacja<\/strong><br \/>Kupuj\u0105cemu zaleca si\u0119 przes\u0142anie wiadomo\u015bci e-mail zawieraj\u0105cej wszystkie informacje dotycz\u0105ce zakupu <a href=\"mailto:galleriskart@galleriskart.is\"><strong>galleriskart@galleriskart.is<\/strong><\/a> znale\u017a\u0107 rozwi\u0105zanie tego, czego mu brakuje. Kupuj\u0105cy mo\u017ce tak\u017ce po prostu zadzwoni\u0107 na g\u0142\u00f3wny numer telefonu www.galleriskart.is, gdzie zostanie skierowany we w\u0142a\u015bciwe miejsce.<\/p>\t\t\t\t\t\t\t\t<\/div>\n\t\t\t\t<\/div>\n\t\t\t\t\t<\/div>\n\t\t\t\t<\/div>\n\t\t\t\t<\/div>","protected":false},"excerpt":{"rendered":"<p>Skilm\u00e1lar Skilm\u00e1lar Galleriskart\u00deessi skilm\u00e1li gildir um s\u00f6lu \u00e1 v\u00f6ru og \u00fej\u00f3nustu Galleriskart ehf. til neytenda.Skilm\u00e1linn, sem sta\u00f0festur er me\u00f0 sta\u00f0festingu \u00e1 kaupum, er grunnurinn a\u00f0 vi\u00f0skiptunum.Skilm\u00e1linn og a\u00f0rar uppl\u00fdsingar \u00e1 www.galleriskart.is eru einungis f\u00e1anlegar \u00e1 \u00edslensku.Um neytendakaup \u00feessi er fjalla\u00f0 um \u00ed l\u00f6gum um neytendakaup, l\u00f6gum um samningsger\u00f0, l\u00f6gum um rafr\u00e6n vi\u00f0skipti og a\u00f0ra rafr\u00e6na [&hellip;]<\/p>\n","protected":false},"author":1,"featured_media":0,"parent":0,"menu_order":0,"comment_status":"closed","ping_status":"closed","template":"elementor_header_footer","meta":{"footnotes":""},"class_list":["post-29","page","type-page","status-publish","hentry"],"_links":{"self":[{"href":"https:\/\/galleriskart.is\/pl\/wp-json\/wp\/v2\/pages\/29","targetHints":{"allow":["GET"]}}],"collection":[{"href":"https:\/\/galleriskart.is\/pl\/wp-json\/wp\/v2\/pages"}],"about":[{"href":"https:\/\/galleriskart.is\/pl\/wp-json\/wp\/v2\/types\/page"}],"author":[{"embeddable":true,"href":"https:\/\/galleriskart.is\/pl\/wp-json\/wp\/v2\/users\/1"}],"replies":[{"embeddable":true,"href":"https:\/\/galleriskart.is\/pl\/wp-json\/wp\/v2\/comments?post=29"}],"version-history":[{"count":13,"href":"https:\/\/galleriskart.is\/pl\/wp-json\/wp\/v2\/pages\/29\/revisions"}],"predecessor-version":[{"id":5555,"href":"https:\/\/galleriskart.is\/pl\/wp-json\/wp\/v2\/pages\/29\/revisions\/5555"}],"wp:attachment":[{"href":"https:\/\/galleriskart.is\/pl\/wp-json\/wp\/v2\/media?parent=29"}],"curies":[{"name":"wp","href":"https:\/\/api.w.org\/{rel}","templated":true}]}}