{"id":635,"date":"2024-03-26T10:56:44","date_gmt":"2024-03-26T10:56:44","guid":{"rendered":"https:\/\/galleriskart.is\/?post_type=product&#038;p=635"},"modified":"2026-03-17T16:28:49","modified_gmt":"2026-03-17T16:28:49","slug":"saltkristalslampa-6-8-kg","status":"publish","type":"product","link":"https:\/\/galleriskart.is\/en\/product\/saltkristalslampa-6-8-kg\/","title":{"rendered":"Salt crystal lamp 6-8 kg"},"content":{"rendered":"<p style=\"line-height: normal !important\">13.5 million year old Himalayan salt crystal<\/p>\n<div style=\"line-height: normal !important\">\n<p style=\"line-height: normal !important;font-family: -apple-system !important;text-indent: 0px !important;margin: 0px;padding: 0px 0px 1em;border: 0px;vertical-align: baseline\">Extremely beautiful as light, from white to dark orange, which have a very good effect on our existence. All salt crystal lamps are unique. Our well-being depends on the balance between plus and minus ions in our environment. Televisions, computers, cigarette smoke and unhealthy air all cause an increase in plus ions. Salt crystal lamps are a natural source of negative ions that balance this unhealthy air. The heat from the bulb increases the effect. The increase in minus ions has a very good effect on our health and gives the air more freshness. At this balance in the air, the suspension of the dust particles is reduced.<\/p>\n<p style=\"line-height: normal !important;font-family: -apple-system !important;text-indent: 0px !important;margin: 0px;padding: 0px 0px 1em;border: 0px;vertical-align: baseline\">The salt crystal is said to benefit asthmatics and the mines are used as a kind of &quot;Blue Lagoon&quot; by them. They go down into the mines for a while and have better breathing afterwards.<\/p>\n<p style=\"line-height: normal !important;font-family: -apple-system !important;text-indent: 0px !important;margin: 0px;padding: 0px;border: 0px;vertical-align: baseline\">Available as lamps in many shapes and sizes, as tea lights, stones, they are all CE certified.<\/p>\n<\/div>","protected":false},"excerpt":{"rendered":"<p>13,5 millj\u00f3n \u00e1ra saltkristall fr\u00e1 Himalaya Einstaklega fallegur sem lj\u00f3s, fr\u00e1 hv\u00edtu til d\u00f6kkappels\u00ednuguls, sem hafa mj\u00f6g g\u00f3\u00f0 \u00e1hrif \u00e1 tilveru okkar. Allir saltkristal lampar eru einstakir. Velfer\u00f0 okkar treystir \u00e1 jafnv\u00e6gi milli pl\u00fas- og m\u00ednusj\u00f3na \u00ed umhverfi okkar. Sj\u00f3nv\u00f6rp, t\u00f6lvur, s\u00edgarettureykur og \u00f3heiln\u00e6mt loft valda \u00f6ll aukningu pl\u00fasj\u00f3na. Saltkristals lampar eru n\u00e1tt\u00faruleg uppspretta m\u00ednusj\u00f3na [&hellip;]<\/p>\n","protected":false},"featured_media":470,"template":"","meta":[],"product_brand":[],"product_cat":[30],"product_tag":[],"class_list":{"0":"post-635","1":"product","2":"type-product","3":"status-publish","4":"has-post-thumbnail","6":"product_cat-saltkristalslampar","8":"first","9":"instock","10":"taxable","11":"shipping-taxable","12":"purchasable","13":"product-type-simple"},"_links":{"self":[{"href":"https:\/\/galleriskart.is\/en\/wp-json\/wp\/v2\/product\/635","targetHints":{"allow":["GET"]}}],"collection":[{"href":"https:\/\/galleriskart.is\/en\/wp-json\/wp\/v2\/product"}],"about":[{"href":"https:\/\/galleriskart.is\/en\/wp-json\/wp\/v2\/types\/product"}],"wp:featuredmedia":[{"embeddable":true,"href":"https:\/\/galleriskart.is\/en\/wp-json\/wp\/v2\/media\/470"}],"wp:attachment":[{"href":"https:\/\/galleriskart.is\/en\/wp-json\/wp\/v2\/media?parent=635"}],"wp:term":[{"taxonomy":"product_brand","embeddable":true,"href":"https:\/\/galleriskart.is\/en\/wp-json\/wp\/v2\/product_brand?post=635"},{"taxonomy":"product_cat","embeddable":true,"href":"https:\/\/galleriskart.is\/en\/wp-json\/wp\/v2\/product_cat?post=635"},{"taxonomy":"product_tag","embeddable":true,"href":"https:\/\/galleriskart.is\/en\/wp-json\/wp\/v2\/product_tag?post=635"}],"curies":[{"name":"wp","href":"https:\/\/api.w.org\/{rel}","templated":true}]}}