{"id":5641,"date":"2025-02-12T12:54:19","date_gmt":"2025-02-12T12:54:19","guid":{"rendered":"https:\/\/galleriskart.is\/product\/nytt-gydja-halsmen-og-eyrnalokkar-vatnsblatt\/"},"modified":"2025-02-12T12:54:20","modified_gmt":"2025-02-12T12:54:20","slug":"nytt-gydja-halsmen-og-eyrnalokkar-vatnsblatt","status":"publish","type":"product","link":"https:\/\/galleriskart.is\/en\/product\/nytt-gydja-halsmen-og-eyrnalokkar-vatnsblatt\/","title":{"rendered":"New Goddess necklace and earrings aqua blue"},"content":{"rendered":"<p>Steel chain<\/p>\n<p>Silver earrings and necklace<\/p>","protected":false},"excerpt":{"rendered":"<p>Ke\u00f0ja \u00far st\u00e1li Eyrnalokkar og men \u00far silfri<\/p>","protected":false},"featured_media":5640,"template":"","meta":[],"product_brand":[],"product_cat":[41,42,47,51],"product_tag":[],"class_list":{"0":"post-5641","1":"product","2":"type-product","3":"status-publish","4":"has-post-thumbnail","6":"product_cat-eyrnalokkar","7":"product_cat-halsmen","8":"product_cat-skartgripir","9":"product_cat-stal-halsmen","11":"first","12":"instock","13":"taxable","14":"shipping-taxable","15":"purchasable","16":"product-type-simple"},"_links":{"self":[{"href":"https:\/\/galleriskart.is\/en\/wp-json\/wp\/v2\/product\/5641","targetHints":{"allow":["GET"]}}],"collection":[{"href":"https:\/\/galleriskart.is\/en\/wp-json\/wp\/v2\/product"}],"about":[{"href":"https:\/\/galleriskart.is\/en\/wp-json\/wp\/v2\/types\/product"}],"wp:featuredmedia":[{"embeddable":true,"href":"https:\/\/galleriskart.is\/en\/wp-json\/wp\/v2\/media\/5640"}],"wp:attachment":[{"href":"https:\/\/galleriskart.is\/en\/wp-json\/wp\/v2\/media?parent=5641"}],"wp:term":[{"taxonomy":"product_brand","embeddable":true,"href":"https:\/\/galleriskart.is\/en\/wp-json\/wp\/v2\/product_brand?post=5641"},{"taxonomy":"product_cat","embeddable":true,"href":"https:\/\/galleriskart.is\/en\/wp-json\/wp\/v2\/product_cat?post=5641"},{"taxonomy":"product_tag","embeddable":true,"href":"https:\/\/galleriskart.is\/en\/wp-json\/wp\/v2\/product_tag?post=5641"}],"curies":[{"name":"wp","href":"https:\/\/api.w.org\/{rel}","templated":true}]}}