{"id":3420,"date":"2024-03-26T12:37:01","date_gmt":"2024-03-26T12:37:01","guid":{"rendered":"https:\/\/galleriskart.is\/?post_type=product&#038;p=3420"},"modified":"2025-07-18T22:36:16","modified_gmt":"2025-07-18T22:36:16","slug":"nytt-armbandmedp-aegishjalm-ur-stali-og-ledri","status":"publish","type":"product","link":"https:\/\/galleriskart.is\/en\/product\/nytt-armbandmedp-aegishjalm-ur-stali-og-ledri\/","title":{"rendered":"Bracelet with a steel and leather helm"},"content":{"rendered":"<p><span style=\"font-family: Helvetica, sans-serif;font-size: 18px;font-style: normal;font-weight: normal;letter-spacing: 0.6000000238418579px;text-align: left;text-indent: 0px;text-transform: none;text-decoration: none;float: none\">\u00c6gishj\u00e1lm is a defensive symbol against evil spirits, enemies and the aggression and anger of rulers. The stick must be carved into a lead plate, which is then pressed onto the forehead between the eyes of the aegis helmet and pressed into the skin. The sorcerer must preface the one who follows the magic wand: &quot;I wash away my enemies, robbery and anger of rich people&quot;. In doing so, he gains the courage needed to go against what he fears.<\/span><\/p>\n<p><span style=\"font-family: Helvetica, sans-serif;font-size: 18px;font-style: normal;font-weight: normal;letter-spacing: 0.6000000238418579px;text-align: left;text-indent: 0px;text-transform: none;text-decoration: none;float: none\"><\/span><\/p>\n<p>Material stainless steel hypoallergenic<span style=\"font-family: Roboto, sans-serif;font-size: 14px;font-style: normal;font-weight: 400;letter-spacing: normal;text-align: start;text-indent: 0px;text-transform: none;text-decoration: none;float: none\">l<\/span><\/p>\n<p><span style=\"font-family: Roboto, sans-serif;font-size: 14px;font-style: normal;font-weight: 400;letter-spacing: normal;text-align: start;text-indent: 0px;text-transform: none;text-decoration: none;float: none\">The bracelet is NICKEL free&nbsp;<\/span><\/p>\n<p><span style=\"font-family: Roboto, sans-serif;font-size: 14px;font-style: normal;font-weight: 400;letter-spacing: normal;text-align: start;text-indent: 0px;text-transform: none;text-decoration: none;float: none\">And come to you <\/span>in<span style=\"font-family: Roboto, sans-serif;font-size: 14px;font-style: normal;font-weight: 400;letter-spacing: normal;text-align: start;text-indent: 0px;text-transform: none;text-decoration: none;float: none\"> recycled jewelry boxes<\/span><\/p>\n<p>The jewel Preferably always the same<\/p>","protected":false},"excerpt":{"rendered":"<p>\u00c6gishj\u00e1lmur er varnarstafur gegn illum v\u00e6ttum, \u00f3vinum og yfirgangi og rei\u00f0i h\u00f6f\u00f0ingja. Stafurinn skal ristur \u00ed bl\u00fdpl\u00f6tu sem s\u00ed\u00f0an er \u00fer\u00fdst \u00e1 enni\u00f0 \u00e1 milli aegishjalmuraugnanna og \u00ferykktur \u00ed h\u00f6rundi\u00f0. Galdrama\u00f0urinn skal \u00feylja form\u00e1la \u00feann sem galdrastafnum fylgir: &#8222;Fj\u00f3n \u00fev\u00e6 \u00e9g af m\u00e9r fjanda minna, r\u00e1n og rei\u00f0i r\u00edkra manna&#8220;. Vi\u00f0 \u00fea\u00f0 \u00f6\u00f0last hann \u00fea\u00f0 [&hellip;]<\/p>\n","protected":false},"featured_media":3500,"template":"","meta":[],"product_brand":[],"product_cat":[48,54],"product_tag":[],"class_list":{"0":"post-3420","1":"product","2":"type-product","3":"status-publish","4":"has-post-thumbnail","6":"product_cat-stal-armbond","7":"product_cat-vikinga-skart","9":"first","10":"outofstock","11":"taxable","12":"shipping-taxable","13":"purchasable","14":"product-type-simple"},"_links":{"self":[{"href":"https:\/\/galleriskart.is\/en\/wp-json\/wp\/v2\/product\/3420","targetHints":{"allow":["GET"]}}],"collection":[{"href":"https:\/\/galleriskart.is\/en\/wp-json\/wp\/v2\/product"}],"about":[{"href":"https:\/\/galleriskart.is\/en\/wp-json\/wp\/v2\/types\/product"}],"wp:featuredmedia":[{"embeddable":true,"href":"https:\/\/galleriskart.is\/en\/wp-json\/wp\/v2\/media\/3500"}],"wp:attachment":[{"href":"https:\/\/galleriskart.is\/en\/wp-json\/wp\/v2\/media?parent=3420"}],"wp:term":[{"taxonomy":"product_brand","embeddable":true,"href":"https:\/\/galleriskart.is\/en\/wp-json\/wp\/v2\/product_brand?post=3420"},{"taxonomy":"product_cat","embeddable":true,"href":"https:\/\/galleriskart.is\/en\/wp-json\/wp\/v2\/product_cat?post=3420"},{"taxonomy":"product_tag","embeddable":true,"href":"https:\/\/galleriskart.is\/en\/wp-json\/wp\/v2\/product_tag?post=3420"}],"curies":[{"name":"wp","href":"https:\/\/api.w.org\/{rel}","templated":true}]}}