{"id":1836,"date":"2024-03-26T11:46:14","date_gmt":"2024-03-26T11:46:14","guid":{"rendered":"https:\/\/galleriskart.is\/?post_type=product&#038;p=1836"},"modified":"2024-03-26T11:49:53","modified_gmt":"2024-03-26T11:49:53","slug":"vegvisir-hringur-st-10","status":"publish","type":"product","link":"https:\/\/galleriskart.is\/en\/product\/vegvisir-hringur-st-10\/","title":{"rendered":"Road sign ring st 10"},"content":{"rendered":"<p>Road sign<\/p>\n<p>Vegv\u00edsir is an Icelandic magic wand intended to prevent the wrong path from being chosen on a journey. The one who has the road map with him will not get lost in wind or bad weather, even though he is traveling through unknown paths.<\/p>\n<p>Spells can be symbolic in ways other than their literal meaning. Although the actual meaning refers to natural forces, they can also be intended to help the person gain spiritual strength.<\/p>\n<p>The road sign is an example of this because it can be used not only to find the right way in bad weather, but also to show the way to where the mind is headed. The signpost can prevent external factors from misleading people and preventing them from taking the right direction in life to achieve their goal.<\/p>\n<p>(Sources are taken from around the world wide web.)<\/p>\n<p>Material stainless steel hypoallergenic<\/p>\n<p><span style=\"font-family: Roboto, sans-serif;font-size: 14px;font-style: normal;font-weight: 400;letter-spacing: normal;text-align: start;text-indent: 0px;text-transform: none;text-decoration: none;float: none\">The necklaces are NICKEL free&nbsp;<\/span><\/p>\n<p><span style=\"font-family: Roboto, sans-serif;font-size: 14px;font-style: normal;font-weight: 400;letter-spacing: normal;text-align: start;text-indent: 0px;text-transform: none;text-decoration: none;float: none\">And come to you <\/span>in<span style=\"font-family: Roboto, sans-serif;font-size: 14px;font-style: normal;font-weight: 400;letter-spacing: normal;text-align: start;text-indent: 0px;text-transform: none;text-decoration: none;float: none\"> recycled jewelry boxes<\/span><\/p>\n<p>The jewel Preferably always the same<\/p>","protected":false},"excerpt":{"rendered":"<p>Vegv\u00edsir Vegv\u00edsir er \u00edslenskur galdrastafur \u00e6tla\u00f0ur til a\u00f0 varna \u00fev\u00ed a\u00f0 r\u00f6ng lei\u00f0 s\u00e9 valin \u00e1 fer\u00f0alagi. S\u00e1 sem hefur vegv\u00edsinn me\u00f0fer\u00f0is mun ekki villast \u00ed roki e\u00f0a vonskuve\u00f0ri \u00fer\u00e1tt fyrir a\u00f0 hann fer\u00f0ist um \u00f3kunnar sl\u00f3\u00f0ir. Galdrastafir geta veri\u00f0 t\u00e1knr\u00e6nir \u00e1 annan h\u00e1tt en \u00ed sinni beinu merkingu. \u00de\u00f3 eiginleg merking hafi v\u00edsun \u00ed [&hellip;]<\/p>\n","protected":false},"featured_media":1916,"template":"","meta":[],"product_brand":[],"product_cat":[26,47],"product_tag":[],"class_list":{"0":"post-1836","1":"product","2":"type-product","3":"status-publish","4":"has-post-thumbnail","6":"product_cat-hringar","7":"product_cat-skartgripir","9":"first","10":"instock","11":"taxable","12":"shipping-taxable","13":"purchasable","14":"product-type-simple"},"_links":{"self":[{"href":"https:\/\/galleriskart.is\/en\/wp-json\/wp\/v2\/product\/1836","targetHints":{"allow":["GET"]}}],"collection":[{"href":"https:\/\/galleriskart.is\/en\/wp-json\/wp\/v2\/product"}],"about":[{"href":"https:\/\/galleriskart.is\/en\/wp-json\/wp\/v2\/types\/product"}],"wp:featuredmedia":[{"embeddable":true,"href":"https:\/\/galleriskart.is\/en\/wp-json\/wp\/v2\/media\/1916"}],"wp:attachment":[{"href":"https:\/\/galleriskart.is\/en\/wp-json\/wp\/v2\/media?parent=1836"}],"wp:term":[{"taxonomy":"product_brand","embeddable":true,"href":"https:\/\/galleriskart.is\/en\/wp-json\/wp\/v2\/product_brand?post=1836"},{"taxonomy":"product_cat","embeddable":true,"href":"https:\/\/galleriskart.is\/en\/wp-json\/wp\/v2\/product_cat?post=1836"},{"taxonomy":"product_tag","embeddable":true,"href":"https:\/\/galleriskart.is\/en\/wp-json\/wp\/v2\/product_tag?post=1836"}],"curies":[{"name":"wp","href":"https:\/\/api.w.org\/{rel}","templated":true}]}}