{"id":1684,"date":"2024-03-26T11:40:14","date_gmt":"2024-03-26T11:40:14","guid":{"rendered":"https:\/\/galleriskart.is\/?post_type=product&#038;p=1684"},"modified":"2024-03-26T11:42:10","modified_gmt":"2024-03-26T11:42:10","slug":"vorunumer-91-pendull-malakit-malachite","status":"publish","type":"product","link":"https:\/\/galleriskart.is\/en\/product\/vorunumer-91-pendull-malakit-malachite\/","title":{"rendered":"Product number 91. Pendulum malachite (Malachite)"},"content":{"rendered":"<p class=\"p1\">Malachite forms a pleasant connection to both the heart chakra and the solar plexus, which is an unusual combination.<\/p>\n<p class=\"p1\">It is a powerful stone that is supposed to help with self-respect, self-will and keeping commitments in the form of kindness and forgiveness.<\/p>\n<p class=\"p1\">Malachite is said to be one of the most powerful stones for protection against negative energy.<\/p>\n<p class=\"p2\">Sources about the use of malachite have been found since 3000 BC in Egypt, where it was crushed into powder and used as eye shadow.<\/p>\n<p class=\"p1\">Note, however, that Malachite contains copper and is therefore not recommended to put in water and drink.<\/p>\n<p>Material stainless steel hypoallergenic<\/p>\n<p><span style=\"font-family: Roboto, sans-serif;font-size: 14px;font-style: normal;font-weight: 400;letter-spacing: normal;text-align: start;text-indent: 0px;text-transform: none;text-decoration: none;float: none\">The necklaces are NICKEL free&nbsp;<\/span><\/p>\n<p><span style=\"font-family: Roboto, sans-serif;font-size: 14px;font-style: normal;font-weight: 400;letter-spacing: normal;text-align: start;text-indent: 0px;text-transform: none;text-decoration: none;float: none\">And come to you <\/span>in<span style=\"font-family: Roboto, sans-serif;font-size: 14px;font-style: normal;font-weight: 400;letter-spacing: normal;text-align: start;text-indent: 0px;text-transform: none;text-decoration: none;float: none\"> recycled jewelry boxes<\/span><\/p>\n<p>The jewel Preferably always the same<\/p>","protected":false},"excerpt":{"rendered":"<p>Malak\u00edt (Malachite) myndar skemmtilega tengingu b\u00e6\u00f0i vi\u00f0 hjartast\u00f6\u00f0ina og s\u00f3lar plexus, sem er \u00f3venjuleg blanda. Hann er kr\u00f6ftugur steinn sem \u00e1 a\u00f0 hj\u00e1lpa til me\u00f0 sj\u00e1lfsvir\u00f0ingu, sj\u00e1lfsvilja og a\u00f0 standa vi\u00f0 skuldbindingar \u00ed formi g\u00f3\u00f0vildar og fyrirgefningar. Malak\u00edt \u00e1 a\u00f0 vera einn \u00f6flugasti steinninn \u00ed vernd gegn neikv\u00e6\u00f0ri orku. Heimildir um notkun Malak\u00edts hafa fundist [&hellip;]<\/p>\n","protected":false},"featured_media":1733,"template":"","meta":[],"product_brand":[],"product_cat":[57],"product_tag":[],"class_list":{"0":"post-1684","1":"product","2":"type-product","3":"status-publish","4":"has-post-thumbnail","6":"product_cat-draumafangarar","8":"first","9":"instock","10":"taxable","11":"shipping-taxable","12":"purchasable","13":"product-type-simple"},"_links":{"self":[{"href":"https:\/\/galleriskart.is\/en\/wp-json\/wp\/v2\/product\/1684","targetHints":{"allow":["GET"]}}],"collection":[{"href":"https:\/\/galleriskart.is\/en\/wp-json\/wp\/v2\/product"}],"about":[{"href":"https:\/\/galleriskart.is\/en\/wp-json\/wp\/v2\/types\/product"}],"wp:featuredmedia":[{"embeddable":true,"href":"https:\/\/galleriskart.is\/en\/wp-json\/wp\/v2\/media\/1733"}],"wp:attachment":[{"href":"https:\/\/galleriskart.is\/en\/wp-json\/wp\/v2\/media?parent=1684"}],"wp:term":[{"taxonomy":"product_brand","embeddable":true,"href":"https:\/\/galleriskart.is\/en\/wp-json\/wp\/v2\/product_brand?post=1684"},{"taxonomy":"product_cat","embeddable":true,"href":"https:\/\/galleriskart.is\/en\/wp-json\/wp\/v2\/product_cat?post=1684"},{"taxonomy":"product_tag","embeddable":true,"href":"https:\/\/galleriskart.is\/en\/wp-json\/wp\/v2\/product_tag?post=1684"}],"curies":[{"name":"wp","href":"https:\/\/api.w.org\/{rel}","templated":true}]}}