{"id":1148,"date":"2024-03-26T11:16:53","date_gmt":"2024-03-26T11:16:53","guid":{"rendered":"https:\/\/galleriskart.is\/?post_type=product&#038;p=1148"},"modified":"2024-03-26T11:19:19","modified_gmt":"2024-03-26T11:19:19","slug":"kristall-taer-lemuriukvars","status":"publish","type":"product","link":"https:\/\/galleriskart.is\/en\/product\/kristall-taer-lemuriukvars\/","title":{"rendered":"Crystal Clear Lemurian Quartz"},"content":{"rendered":"<p>It is believed that Lemurian quartz was left for us earthlings today by the inhabitants of the lost land of Lemuria.&nbsp;<\/p>\n<p class=\"p1\">Lemurian Quartz is a great healer and is supposed to help bring out information that has been hidden or that we cannot see with the naked eye.&nbsp;<\/p>\n<p class=\"p1\">Lemur\u00edkvars is supposed to have been sent to us to heal ourselves and the world.&nbsp;<\/p>\n<p class=\"p1\">Lemurian quartz comes from Brazil.&nbsp;<\/p>\n<p>5.5 cm long<\/p>","protected":false},"excerpt":{"rendered":"<p>Tali\u00f0 er a\u00f0 Lem\u00far\u00edukvars (Lemurian quartz) hafi veri\u00f0 skilin eftir fyrir okkur jar\u00f0arb\u00faa \u00ed dag af \u00edb\u00faum t\u00fdnda landsins Lem\u00far\u00edu.&nbsp; Lem\u00far\u00edukvars er mikill heilari og \u00e1 a\u00f0 hj\u00e1lpa til vi\u00f0 a\u00f0 draga fram uppl\u00fdsingar&nbsp;sem hafa veri\u00f0 faldar e\u00f0a sem vi\u00f0 sj\u00e1um ekki me\u00f0 berum augum.&nbsp; Lem\u00far\u00edkvars \u00e1 a\u00f0 hafa veri\u00f0 sendur til okkar til a\u00f0 [&hellip;]<\/p>\n","protected":false},"featured_media":1203,"template":"","meta":[],"product_brand":[],"product_cat":[57],"product_tag":[],"class_list":{"0":"post-1148","1":"product","2":"type-product","3":"status-publish","4":"has-post-thumbnail","6":"product_cat-draumafangarar","8":"first","9":"instock","10":"taxable","11":"shipping-taxable","12":"purchasable","13":"product-type-simple"},"_links":{"self":[{"href":"https:\/\/galleriskart.is\/en\/wp-json\/wp\/v2\/product\/1148","targetHints":{"allow":["GET"]}}],"collection":[{"href":"https:\/\/galleriskart.is\/en\/wp-json\/wp\/v2\/product"}],"about":[{"href":"https:\/\/galleriskart.is\/en\/wp-json\/wp\/v2\/types\/product"}],"wp:featuredmedia":[{"embeddable":true,"href":"https:\/\/galleriskart.is\/en\/wp-json\/wp\/v2\/media\/1203"}],"wp:attachment":[{"href":"https:\/\/galleriskart.is\/en\/wp-json\/wp\/v2\/media?parent=1148"}],"wp:term":[{"taxonomy":"product_brand","embeddable":true,"href":"https:\/\/galleriskart.is\/en\/wp-json\/wp\/v2\/product_brand?post=1148"},{"taxonomy":"product_cat","embeddable":true,"href":"https:\/\/galleriskart.is\/en\/wp-json\/wp\/v2\/product_cat?post=1148"},{"taxonomy":"product_tag","embeddable":true,"href":"https:\/\/galleriskart.is\/en\/wp-json\/wp\/v2\/product_tag?post=1148"}],"curies":[{"name":"wp","href":"https:\/\/api.w.org\/{rel}","templated":true}]}}