{"id":1041,"date":"2024-03-26T11:13:06","date_gmt":"2024-03-26T11:13:06","guid":{"rendered":"https:\/\/galleriskart.is\/?post_type=product&#038;p=1041"},"modified":"2025-12-22T11:45:03","modified_gmt":"2025-12-22T11:45:03","slug":"vn-232-labradorit-halsmen","status":"publish","type":"product","link":"https:\/\/galleriskart.is\/en\/product\/vn-232-labradorit-halsmen\/","title":{"rendered":"Vn 232. Labradorite necklace"},"content":{"rendered":"<p>Designer Binni<\/p>\n<p>Labradorite is a magical stone that in Inuit folklore was believed to be the frozen northern lights.&nbsp;<\/p>\n<p class=\"p1\">Labradorite is all about positivity, it is believed to ward off negative energy and is often considered one of the strongest protectors of the stone kingdom.&nbsp;<\/p>\n<p class=\"p1\">In this beautiful blue stone you can find shining blue and yellow surfaces. Labradorite connects to the third eye, our intuition and is supposed to help us increase awareness and approach things with an open mind.<\/p>","protected":false},"excerpt":{"rendered":"<p>H\u00f6nnu\u00f0ur Binni Labrador\u00edt (Labradorite) er t\u00f6frandi steinn sem \u00ed \u00fej\u00f3\u00f0s\u00f6gum In\u00fa\u00edta var talinn vera frosin nor\u00f0urlj\u00f3s.&nbsp; Labrador\u00edt&nbsp;sn\u00fdst um&nbsp;j\u00e1kv\u00e6\u00f0ni, \u00fea\u00f0 er tali\u00f0 f\u00e6la burt neikv\u00e6\u00f0a orku og er oft tali\u00f0 einn sterkasti verndari steinar\u00edkisins.&nbsp; \u00cd \u00feessum fallega bl\u00e1a steini m\u00e1 finna glampandi bl\u00e1a og gula fleti. Labrador\u00edt tengir vi\u00f0 \u00feri\u00f0ja auga\u00f0, inns\u00e6i\u00f0 okkar og \u00e1 a\u00f0 [&hellip;]<\/p>\n","protected":false},"featured_media":1103,"template":"","meta":[],"product_brand":[],"product_cat":[57,47],"product_tag":[],"class_list":{"0":"post-1041","1":"product","2":"type-product","3":"status-publish","4":"has-post-thumbnail","6":"product_cat-draumafangarar","7":"product_cat-skartgripir","9":"first","10":"outofstock","11":"taxable","12":"shipping-taxable","13":"purchasable","14":"product-type-simple"},"_links":{"self":[{"href":"https:\/\/galleriskart.is\/en\/wp-json\/wp\/v2\/product\/1041","targetHints":{"allow":["GET"]}}],"collection":[{"href":"https:\/\/galleriskart.is\/en\/wp-json\/wp\/v2\/product"}],"about":[{"href":"https:\/\/galleriskart.is\/en\/wp-json\/wp\/v2\/types\/product"}],"wp:featuredmedia":[{"embeddable":true,"href":"https:\/\/galleriskart.is\/en\/wp-json\/wp\/v2\/media\/1103"}],"wp:attachment":[{"href":"https:\/\/galleriskart.is\/en\/wp-json\/wp\/v2\/media?parent=1041"}],"wp:term":[{"taxonomy":"product_brand","embeddable":true,"href":"https:\/\/galleriskart.is\/en\/wp-json\/wp\/v2\/product_brand?post=1041"},{"taxonomy":"product_cat","embeddable":true,"href":"https:\/\/galleriskart.is\/en\/wp-json\/wp\/v2\/product_cat?post=1041"},{"taxonomy":"product_tag","embeddable":true,"href":"https:\/\/galleriskart.is\/en\/wp-json\/wp\/v2\/product_tag?post=1041"}],"curies":[{"name":"wp","href":"https:\/\/api.w.org\/{rel}","templated":true}]}}